{"id":9853,"date":"2026-02-27T01:31:10","date_gmt":"2026-02-27T00:31:10","guid":{"rendered":"https:\/\/luczniczy-sklep.pl\/produkt\/grot-mysliwski-nap-thunderhead\/"},"modified":"2026-04-14T15:41:51","modified_gmt":"2026-04-14T13:41:51","slug":"grot-mysliwski-nap-thunderhead","status":"publish","type":"product","link":"https:\/\/luczniczy-sklep.pl\/en\/product\/grot-mysliwski-nap-thunderhead\/","title":{"rendered":"Grot my\u015bliwski NAP Thunderhead"},"content":{"rendered":"<p style=\"text-align: center\"><span style=\"font-size: 12pt\"><strong>THUNDERHEAD 3 BLADE BROADHEAD<\/strong><\/span><\/p>\n<p style=\"text-align: center\"><span style=\"font-size: 12pt\"><strong>125 gr<\/strong><\/span><\/p>","protected":false},"excerpt":{"rendered":"<p>Zapewnij precyzyjne przebicie i skuteczne trafienia dzi\u0119ki grotowi my\u015bliwskiemu NAP Thunderhead, dost\u0119pnym w wariantach wagowych od 85 do 125 gram\u00f3w. Optymalna waga 100 gram\u00f3w gwarantuje stabilno\u015b\u0107 lotu i g\u0142\u0119boko\u015b\u0107 penetracji, co przek\u0142ada si\u0119 na efektywno\u015b\u0107 polowania. Sprawd\u017a r\u00f3\u017cnorodne pakowania \u2013 3 lub 5 sztuk \u2013 dopasowane do Twoich potrzeb.<\/p>","protected":false},"featured_media":9860,"comment_status":"open","ping_status":"closed","template":"","meta":{"_aipt_faq_data":""},"product_brand":[512],"product_cat":[47,242,46],"product_tag":[4747,4870,4754],"class_list":{"0":"post-9853","1":"product","2":"type-product","3":"status-publish","4":"has-post-thumbnail","6":"product_brand-nap","7":"product_cat-groty-i-inserty","8":"product_cat-groty-mysliwskie","9":"product_cat-strzaly-i-akcesoria","10":"product_tag-akcesoria-lucznicze","11":"product_tag-groty-mysliwskie","12":"product_tag-strzaly","14":"first","15":"outofstock","16":"taxable","17":"shipping-taxable","18":"purchasable","19":"product-type-variable"},"aioseo_notices":[],"jetpack_sharing_enabled":true,"_links":{"self":[{"href":"https:\/\/luczniczy-sklep.pl\/en\/wp-json\/wp\/v2\/product\/9853","targetHints":{"allow":["GET"]}}],"collection":[{"href":"https:\/\/luczniczy-sklep.pl\/en\/wp-json\/wp\/v2\/product"}],"about":[{"href":"https:\/\/luczniczy-sklep.pl\/en\/wp-json\/wp\/v2\/types\/product"}],"replies":[{"embeddable":true,"href":"https:\/\/luczniczy-sklep.pl\/en\/wp-json\/wp\/v2\/comments?post=9853"}],"wp:featuredmedia":[{"embeddable":true,"href":"https:\/\/luczniczy-sklep.pl\/en\/wp-json\/wp\/v2\/media\/9860"}],"wp:attachment":[{"href":"https:\/\/luczniczy-sklep.pl\/en\/wp-json\/wp\/v2\/media?parent=9853"}],"wp:term":[{"taxonomy":"product_brand","embeddable":true,"href":"https:\/\/luczniczy-sklep.pl\/en\/wp-json\/wp\/v2\/product_brand?post=9853"},{"taxonomy":"product_cat","embeddable":true,"href":"https:\/\/luczniczy-sklep.pl\/en\/wp-json\/wp\/v2\/product_cat?post=9853"},{"taxonomy":"product_tag","embeddable":true,"href":"https:\/\/luczniczy-sklep.pl\/en\/wp-json\/wp\/v2\/product_tag?post=9853"}],"curies":[{"name":"wp","href":"https:\/\/api.w.org\/{rel}","templated":true}]}}