{"id":7448,"date":"2026-02-26T23:09:36","date_gmt":"2026-02-26T22:09:36","guid":{"rendered":"https:\/\/luczniczy-sklep.pl\/produkt\/cieciwa-do-lukow-core-white-feather\/"},"modified":"2026-04-04T01:50:09","modified_gmt":"2026-04-03T23:50:09","slug":"cieciwa-do-lukow-core-white-feather","status":"publish","type":"product","link":"https:\/\/luczniczy-sklep.pl\/en\/product\/cieciwa-do-lukow-core-white-feather\/","title":{"rendered":"Ci\u0119ciwa do \u0142uk\u00f3w Core\/White feather"},"content":{"rendered":"<p><span style=\"font-size: 12pt\">Ci\u0119ciwa Recurve B50 Dacron od White Feather\/Core\/Flex to doskona\u0142y wyb\u00f3r dla \u0142ucznik\u00f3w poszukuj\u0105cych trwa\u0142o\u015bci i wydajno\u015bci w swoich \u0142ukach recurve. Wykonana z materia\u0142u B50 Dacron, ci\u0119ciwa ta jest znana ze swojej niezawodno\u015bci i stabilno\u015bci, co czyni j\u0105 idealn\u0105 do r\u00f3\u017cnych zastosowa\u0144 \u0142uczniczych, zar\u00f3wno dla pocz\u0105tkuj\u0105cych, jak i zaawansowanych \u0142ucznik\u00f3w.<\/span><\/p>\n<h3><span style=\"font-size: 12pt\">Charakterystyka produktu:<\/span><\/h3>\n<ul>\n<li><span style=\"font-size: 12pt\"><strong>Materia\u0142:<\/strong> B50 Dacron<\/span><\/li>\n<li><span style=\"font-size: 12pt\"><strong>Konstrukcja:<\/strong> Ci\u0105g\u0142a p\u0119tla<\/span><\/li>\n<li><span style=\"font-size: 12pt\"><strong>Liczba w\u0142\u00f3kien:<\/strong> 12<\/span><\/li>\n<li><span style=\"font-size: 12pt\"><strong>Kolor:<\/strong>\u00a0losowy<\/span><\/li>\n<li><span style=\"font-size: 12pt\"><strong>Zastosowanie:<\/strong> Rekomendowana do \u0142uk\u00f3w z drewnianymi ramionami, sportowych, recuvery, ilf itd&#8230;<\/span><\/li>\n<li><span style=\"font-size: 12pt\"><strong>Dost\u0119pne rozmiary:<\/strong> Odpowiednie dla r\u00f3\u017cnych d\u0142ugo\u015bci \u0142uk\u00f3w (np. 54&#8243;,66&#8243;, 68&#8243;)<\/span><\/li>\n<\/ul>\n<h3><span style=\"font-size: 12pt\">Zalety:<\/span><\/h3>\n<ul>\n<li><span style=\"font-size: 12pt\"><strong>Trwa\u0142o\u015b\u0107:<\/strong> Materia\u0142 B50 Dacron jest znany z\u00a0trwa\u0142o\u015bci i odporno\u015bci.<\/span><\/li>\n<li><span style=\"font-size: 12pt\"><strong>Stabilno\u015b\u0107:<\/strong> Pre-stretch, czyli wst\u0119pne rozci\u0105ganie ci\u0119ciwy minimalizuje efekt &#8222;creep&#8221; (wyd\u0142u\u017cania si\u0119 ci\u0119ciwy podczas u\u017cytkowania).<\/span><\/li>\n<li><span style=\"font-size: 12pt\"><strong>Wygoda:<\/strong> Idealna do \u0142uk\u00f3w z drewnianymi ramionami, co czyni j\u0105 wszechstronn\u0105 opcj\u0105 dla r\u00f3\u017cnych typ\u00f3w \u0142uk\u00f3w.<\/span><\/li>\n<\/ul>\n<h3><span style=\"font-size: 12pt\">Zastosowanie:<\/span><\/h3>\n<p><span style=\"font-size: 12pt\">Ci\u0119ciwa ta jest idealna do \u0142uk\u00f3w recurve, tradycyjnych szczeg\u00f3lnie tych u\u017cywanych przez pocz\u0105tkuj\u0105cych \u0142ucznik\u00f3w oraz do \u0142uk\u00f3w r\u00f3\u017cnego typu. Jej konstrukcja i materia\u0142 sprawiaj\u0105, \u017ce jest to produkt godny zaufania, kt\u00f3ry pomo\u017ce w osi\u0105gni\u0119ciu precyzyjnych strza\u0142\u00f3w i stabilno\u015bci podczas trening\u00f3w i zawod\u00f3w.<\/span><\/p>\n<p style=\"text-align: center;margin: 0pt 0pt 0pt 0pt\"><span style=\"font-size: 12pt\">\u00a0<\/span>\u00a0<\/p>\n<p style=\"margin-bottom: 0cm;text-align: center\" align=\"CENTER\"><span style=\"font-size: 12pt\"><em><span style=\"font-family: 'trebuchet ms', geneva\">Ci\u0119ciwa jest<span style=\"color: #ff0000\"><strong>\u00a0NIEODPOWIEDNIA do \u0142uk\u00f3w my\u015bliwskich bloczkowych<\/strong><\/span>!<\/span><\/em><\/span>\u00a0<\/p>\n<p style=\"margin-bottom: 0cm;text-align: center\" align=\"CENTER\"><span style=\"font-size: 12pt\">\u00a0<\/span><\/p>\n<p style=\"text-align: center\"><span style=\"font-size: 12pt\"><em><span style=\"font-family: trebuchet ms, geneva\">UWAGA! Zgodnie z Regulaminem Sklepu e-luk.pl (pkt. 7.3) produkt ten nie podlega zwrotowi.<\/span><\/em><\/span><\/p>","protected":false},"excerpt":{"rendered":"<p>Precyzyjne dopasowanie ci\u0119ciwy do d\u0142ugo\u015bci \u0142uku eliminuje straty energii i poprawia celno\u015b\u0107. Warianty od 52&#8243; do 70&#8243; z dok\u0142adno\u015bci\u0105 co 2 cale gwarantuj\u0105 idealne napi\u0119cie i trwa\u0142o\u015b\u0107 podczas intensywnego u\u017cytkowania. Waga zaledwie 0,007 kg minimalizuje dodatkowe obci\u0105\u017cenie, zachowuj\u0105c naturalne w\u0142a\u015bciwo\u015bci \u0142uku.<\/p>","protected":false},"featured_media":7458,"comment_status":"open","ping_status":"closed","template":"","meta":{"_aipt_faq_data":""},"product_brand":[355],"product_cat":[280,40],"product_tag":[4799,4790,4784],"class_list":{"0":"post-7448","1":"product","2":"type-product","3":"status-publish","4":"has-post-thumbnail","6":"product_brand-marka-niezdefiniowana","7":"product_cat-cieciwy-do-luku-sportowych-i-tradycyjnych","8":"product_cat-cieciwy-i-serwis","9":"product_tag-cieciwy","10":"product_tag-luki-sportowe","11":"product_tag-serwis-luczniczy","13":"first","14":"instock","15":"taxable","16":"shipping-taxable","17":"purchasable","18":"product-type-variable"},"aioseo_notices":[],"jetpack_sharing_enabled":true,"_links":{"self":[{"href":"https:\/\/luczniczy-sklep.pl\/en\/wp-json\/wp\/v2\/product\/7448","targetHints":{"allow":["GET"]}}],"collection":[{"href":"https:\/\/luczniczy-sklep.pl\/en\/wp-json\/wp\/v2\/product"}],"about":[{"href":"https:\/\/luczniczy-sklep.pl\/en\/wp-json\/wp\/v2\/types\/product"}],"replies":[{"embeddable":true,"href":"https:\/\/luczniczy-sklep.pl\/en\/wp-json\/wp\/v2\/comments?post=7448"}],"wp:featuredmedia":[{"embeddable":true,"href":"https:\/\/luczniczy-sklep.pl\/en\/wp-json\/wp\/v2\/media\/7458"}],"wp:attachment":[{"href":"https:\/\/luczniczy-sklep.pl\/en\/wp-json\/wp\/v2\/media?parent=7448"}],"wp:term":[{"taxonomy":"product_brand","embeddable":true,"href":"https:\/\/luczniczy-sklep.pl\/en\/wp-json\/wp\/v2\/product_brand?post=7448"},{"taxonomy":"product_cat","embeddable":true,"href":"https:\/\/luczniczy-sklep.pl\/en\/wp-json\/wp\/v2\/product_cat?post=7448"},{"taxonomy":"product_tag","embeddable":true,"href":"https:\/\/luczniczy-sklep.pl\/en\/wp-json\/wp\/v2\/product_tag?post=7448"}],"curies":[{"name":"wp","href":"https:\/\/api.w.org\/{rel}","templated":true}]}}