{"id":71143,"date":"2026-04-11T11:18:34","date_gmt":"2026-04-11T09:18:34","guid":{"rendered":"https:\/\/luczniczy-sklep.pl\/produkt\/insert-do-strzal-do-strzal-z-wlokna-szklanego-black-eagle-x8-10-1-szt-ssarchery\/"},"modified":"2026-04-18T17:58:14","modified_gmt":"2026-04-18T15:58:14","slug":"insert-do-strzal-do-strzal-z-wlokna-szklanego-black-eagle-x8-10-1-szt-ssarchery","status":"publish","type":"product","link":"https:\/\/luczniczy-sklep.pl\/en\/product\/insert-do-strzal-do-strzal-z-wlokna-szklanego-black-eagle-x8-10-1-szt-ssarchery\/","title":{"rendered":"Insert do strza\u0142 do Strza\u0142 z W\u0142\u00f3kna Szklanego Black Eagle X8-10 (1 szt.) &#8211; SSARCHERY"},"content":{"rendered":"","protected":false},"excerpt":{"rendered":"","protected":false},"featured_media":71147,"comment_status":"open","ping_status":"closed","template":"","meta":{"_aipt_faq_data":""},"product_brand":[7830],"product_cat":[47,730,46],"product_tag":[],"class_list":{"0":"post-71143","1":"product","2":"type-product","3":"status-publish","4":"has-post-thumbnail","6":"product_brand-ssarchery","7":"product_cat-groty-i-inserty","8":"product_cat-groty-inne","9":"product_cat-strzaly-i-akcesoria","11":"first","12":"outofstock","13":"taxable","14":"shipping-taxable","15":"purchasable","16":"product-type-variable"},"aioseo_notices":[],"jetpack_sharing_enabled":true,"_links":{"self":[{"href":"https:\/\/luczniczy-sklep.pl\/en\/wp-json\/wp\/v2\/product\/71143","targetHints":{"allow":["GET"]}}],"collection":[{"href":"https:\/\/luczniczy-sklep.pl\/en\/wp-json\/wp\/v2\/product"}],"about":[{"href":"https:\/\/luczniczy-sklep.pl\/en\/wp-json\/wp\/v2\/types\/product"}],"replies":[{"embeddable":true,"href":"https:\/\/luczniczy-sklep.pl\/en\/wp-json\/wp\/v2\/comments?post=71143"}],"wp:featuredmedia":[{"embeddable":true,"href":"https:\/\/luczniczy-sklep.pl\/en\/wp-json\/wp\/v2\/media\/71147"}],"wp:attachment":[{"href":"https:\/\/luczniczy-sklep.pl\/en\/wp-json\/wp\/v2\/media?parent=71143"}],"wp:term":[{"taxonomy":"product_brand","embeddable":true,"href":"https:\/\/luczniczy-sklep.pl\/en\/wp-json\/wp\/v2\/product_brand?post=71143"},{"taxonomy":"product_cat","embeddable":true,"href":"https:\/\/luczniczy-sklep.pl\/en\/wp-json\/wp\/v2\/product_cat?post=71143"},{"taxonomy":"product_tag","embeddable":true,"href":"https:\/\/luczniczy-sklep.pl\/en\/wp-json\/wp\/v2\/product_tag?post=71143"}],"curies":[{"name":"wp","href":"https:\/\/api.w.org\/{rel}","templated":true}]}}