{"id":71063,"date":"2026-04-11T10:29:07","date_gmt":"2026-04-11T08:29:07","guid":{"rendered":"https:\/\/luczniczy-sklep.pl\/produkt\/tarcza-slomiana-deluxe-srednica-80cm-grubosc-9cm\/"},"modified":"2026-04-18T12:15:01","modified_gmt":"2026-04-18T10:15:01","slug":"tarcza-slomiana-deluxe-srednica-80cm-grubosc-9cm","status":"publish","type":"product","link":"https:\/\/luczniczy-sklep.pl\/en\/product\/tarcza-slomiana-deluxe-srednica-80cm-grubosc-9cm\/","title":{"rendered":"Tarcza S\u0142omiana Deluxe \u015arednica 80cm (Grubo\u015b\u0107 9cm) &#8211;"},"content":{"rendered":"","protected":false},"excerpt":{"rendered":"","protected":false},"featured_media":71067,"comment_status":"open","ping_status":"closed","template":"","meta":{"_aipt_faq_data":""},"product_brand":[24087],"product_cat":[60,144],"product_tag":[],"class_list":{"0":"post-71063","1":"product","2":"type-product","3":"status-publish","4":"has-post-thumbnail","6":"product_brand-vdm","7":"product_cat-cele-lucznicze","8":"product_cat-slomiane-maty-lucznicze","10":"first","11":"outofstock","12":"taxable","13":"shipping-taxable","14":"purchasable","15":"product-type-variable"},"aioseo_notices":[],"jetpack_sharing_enabled":true,"_links":{"self":[{"href":"https:\/\/luczniczy-sklep.pl\/en\/wp-json\/wp\/v2\/product\/71063","targetHints":{"allow":["GET"]}}],"collection":[{"href":"https:\/\/luczniczy-sklep.pl\/en\/wp-json\/wp\/v2\/product"}],"about":[{"href":"https:\/\/luczniczy-sklep.pl\/en\/wp-json\/wp\/v2\/types\/product"}],"replies":[{"embeddable":true,"href":"https:\/\/luczniczy-sklep.pl\/en\/wp-json\/wp\/v2\/comments?post=71063"}],"wp:featuredmedia":[{"embeddable":true,"href":"https:\/\/luczniczy-sklep.pl\/en\/wp-json\/wp\/v2\/media\/71067"}],"wp:attachment":[{"href":"https:\/\/luczniczy-sklep.pl\/en\/wp-json\/wp\/v2\/media?parent=71063"}],"wp:term":[{"taxonomy":"product_brand","embeddable":true,"href":"https:\/\/luczniczy-sklep.pl\/en\/wp-json\/wp\/v2\/product_brand?post=71063"},{"taxonomy":"product_cat","embeddable":true,"href":"https:\/\/luczniczy-sklep.pl\/en\/wp-json\/wp\/v2\/product_cat?post=71063"},{"taxonomy":"product_tag","embeddable":true,"href":"https:\/\/luczniczy-sklep.pl\/en\/wp-json\/wp\/v2\/product_tag?post=71063"}],"curies":[{"name":"wp","href":"https:\/\/api.w.org\/{rel}","templated":true}]}}