{"id":71019,"date":"2026-04-11T10:05:07","date_gmt":"2026-04-11T08:05:07","guid":{"rendered":"https:\/\/luczniczy-sklep.pl\/produkt\/lipek-tawant-0-5mm-swiatlowod-czarny-decut\/"},"modified":"2026-04-17T14:28:05","modified_gmt":"2026-04-17T12:28:05","slug":"lipek-tawant-0-5mm-swiatlowod-czarny-decut","status":"publish","type":"product","link":"https:\/\/luczniczy-sklep.pl\/en\/product\/lipek-tawant-0-5mm-swiatlowod-czarny-decut\/","title":{"rendered":"Lipek Tawant 0.5mm \u015awiat\u0142ow\u00f3d Czarny &#8211; DECUT"},"content":{"rendered":"","protected":false},"excerpt":{"rendered":"","protected":false},"featured_media":71023,"comment_status":"open","ping_status":"closed","template":"","meta":{"_aipt_faq_data":""},"product_brand":[239],"product_cat":[31,261,34],"product_tag":[],"class_list":{"0":"post-71019","1":"product","2":"type-product","3":"status-publish","4":"has-post-thumbnail","6":"product_brand-decut","7":"product_cat-akcesoria-do-luku","8":"product_cat-celowniki-do-lukow-sportowych","9":"product_cat-celowniki-do-luku","11":"first","12":"outofstock","13":"taxable","14":"shipping-taxable","15":"purchasable","16":"product-type-variable"},"aioseo_notices":[],"jetpack_sharing_enabled":true,"_links":{"self":[{"href":"https:\/\/luczniczy-sklep.pl\/en\/wp-json\/wp\/v2\/product\/71019","targetHints":{"allow":["GET"]}}],"collection":[{"href":"https:\/\/luczniczy-sklep.pl\/en\/wp-json\/wp\/v2\/product"}],"about":[{"href":"https:\/\/luczniczy-sklep.pl\/en\/wp-json\/wp\/v2\/types\/product"}],"replies":[{"embeddable":true,"href":"https:\/\/luczniczy-sklep.pl\/en\/wp-json\/wp\/v2\/comments?post=71019"}],"wp:featuredmedia":[{"embeddable":true,"href":"https:\/\/luczniczy-sklep.pl\/en\/wp-json\/wp\/v2\/media\/71023"}],"wp:attachment":[{"href":"https:\/\/luczniczy-sklep.pl\/en\/wp-json\/wp\/v2\/media?parent=71019"}],"wp:term":[{"taxonomy":"product_brand","embeddable":true,"href":"https:\/\/luczniczy-sklep.pl\/en\/wp-json\/wp\/v2\/product_brand?post=71019"},{"taxonomy":"product_cat","embeddable":true,"href":"https:\/\/luczniczy-sklep.pl\/en\/wp-json\/wp\/v2\/product_cat?post=71019"},{"taxonomy":"product_tag","embeddable":true,"href":"https:\/\/luczniczy-sklep.pl\/en\/wp-json\/wp\/v2\/product_tag?post=71019"}],"curies":[{"name":"wp","href":"https:\/\/api.w.org\/{rel}","templated":true}]}}