{"id":70971,"date":"2026-04-11T01:18:34","date_gmt":"2026-04-10T23:18:34","guid":{"rendered":"https:\/\/luczniczy-sklep.pl\/produkt\/zestaw-ciezarkow-bicaster-nierdzewny-baw-440\/"},"modified":"2026-04-18T20:10:48","modified_gmt":"2026-04-18T18:10:48","slug":"zestaw-ciezarkow-bicaster-nierdzewny-baw-440","status":"publish","type":"product","link":"https:\/\/luczniczy-sklep.pl\/en\/product\/zestaw-ciezarkow-bicaster-nierdzewny-baw-440\/","title":{"rendered":"Zestaw ci\u0119\u017cark\u00f3w Bicaster Nierdzewny BAW-440"},"content":{"rendered":"","protected":false},"excerpt":{"rendered":"","protected":false},"featured_media":70973,"comment_status":"open","ping_status":"closed","template":"","meta":{"_aipt_faq_data":""},"product_brand":[8528],"product_cat":[31,44,43],"product_tag":[],"class_list":{"0":"post-70971","1":"product","2":"type-product","3":"status-publish","4":"has-post-thumbnail","6":"product_brand-bicaster-archery","7":"product_cat-akcesoria-do-luku","8":"product_cat-ciezaki-lucznicze","9":"product_cat-stabilizatory-lucznicze","11":"first","12":"outofstock","13":"taxable","14":"shipping-taxable","15":"purchasable","16":"product-type-variable"},"aioseo_notices":[],"jetpack_sharing_enabled":true,"_links":{"self":[{"href":"https:\/\/luczniczy-sklep.pl\/en\/wp-json\/wp\/v2\/product\/70971","targetHints":{"allow":["GET"]}}],"collection":[{"href":"https:\/\/luczniczy-sklep.pl\/en\/wp-json\/wp\/v2\/product"}],"about":[{"href":"https:\/\/luczniczy-sklep.pl\/en\/wp-json\/wp\/v2\/types\/product"}],"replies":[{"embeddable":true,"href":"https:\/\/luczniczy-sklep.pl\/en\/wp-json\/wp\/v2\/comments?post=70971"}],"wp:featuredmedia":[{"embeddable":true,"href":"https:\/\/luczniczy-sklep.pl\/en\/wp-json\/wp\/v2\/media\/70973"}],"wp:attachment":[{"href":"https:\/\/luczniczy-sklep.pl\/en\/wp-json\/wp\/v2\/media?parent=70971"}],"wp:term":[{"taxonomy":"product_brand","embeddable":true,"href":"https:\/\/luczniczy-sklep.pl\/en\/wp-json\/wp\/v2\/product_brand?post=70971"},{"taxonomy":"product_cat","embeddable":true,"href":"https:\/\/luczniczy-sklep.pl\/en\/wp-json\/wp\/v2\/product_cat?post=70971"},{"taxonomy":"product_tag","embeddable":true,"href":"https:\/\/luczniczy-sklep.pl\/en\/wp-json\/wp\/v2\/product_tag?post=70971"}],"curies":[{"name":"wp","href":"https:\/\/api.w.org\/{rel}","templated":true}]}}