{"id":70428,"date":"2026-04-10T20:42:52","date_gmt":"2026-04-10T18:42:52","guid":{"rendered":"https:\/\/luczniczy-sklep.pl\/produkt\/plecak-10-ring-team-color-niebieski-zolty-czerwony-easton\/"},"modified":"2026-04-17T10:13:45","modified_gmt":"2026-04-17T08:13:45","slug":"plecak-10-ring-team-color-niebieski-zolty-czerwony-easton","status":"publish","type":"product","link":"https:\/\/luczniczy-sklep.pl\/en\/product\/plecak-10-ring-team-color-niebieski-zolty-czerwony-easton\/","title":{"rendered":"Plecak 10-Ring Team-Color Niebieski\/\u017b\u00f3\u0142ty\/Czerwony &#8211; EASTON"},"content":{"rendered":"","protected":false},"excerpt":{"rendered":"","protected":false},"featured_media":70431,"comment_status":"open","ping_status":"closed","template":"","meta":{"_aipt_faq_data":""},"product_brand":[45],"product_cat":[51,273,81],"product_tag":[],"class_list":{"0":"post-70428","1":"product","2":"type-product","3":"status-publish","4":"has-post-thumbnail","6":"product_brand-easton","7":"product_cat-akcesoria-dla-lucznika","8":"product_cat-plecaki-na-luki","9":"product_cat-pokrowce-i-walizki-lucznicze","11":"first","12":"outofstock","13":"taxable","14":"shipping-taxable","15":"purchasable","16":"product-type-variable"},"aioseo_notices":[],"jetpack_sharing_enabled":true,"_links":{"self":[{"href":"https:\/\/luczniczy-sklep.pl\/en\/wp-json\/wp\/v2\/product\/70428","targetHints":{"allow":["GET"]}}],"collection":[{"href":"https:\/\/luczniczy-sklep.pl\/en\/wp-json\/wp\/v2\/product"}],"about":[{"href":"https:\/\/luczniczy-sklep.pl\/en\/wp-json\/wp\/v2\/types\/product"}],"replies":[{"embeddable":true,"href":"https:\/\/luczniczy-sklep.pl\/en\/wp-json\/wp\/v2\/comments?post=70428"}],"wp:featuredmedia":[{"embeddable":true,"href":"https:\/\/luczniczy-sklep.pl\/en\/wp-json\/wp\/v2\/media\/70431"}],"wp:attachment":[{"href":"https:\/\/luczniczy-sklep.pl\/en\/wp-json\/wp\/v2\/media?parent=70428"}],"wp:term":[{"taxonomy":"product_brand","embeddable":true,"href":"https:\/\/luczniczy-sklep.pl\/en\/wp-json\/wp\/v2\/product_brand?post=70428"},{"taxonomy":"product_cat","embeddable":true,"href":"https:\/\/luczniczy-sklep.pl\/en\/wp-json\/wp\/v2\/product_cat?post=70428"},{"taxonomy":"product_tag","embeddable":true,"href":"https:\/\/luczniczy-sklep.pl\/en\/wp-json\/wp\/v2\/product_tag?post=70428"}],"curies":[{"name":"wp","href":"https:\/\/api.w.org\/{rel}","templated":true}]}}