{"id":65699,"date":"2026-03-22T12:09:42","date_gmt":"2026-03-22T11:09:42","guid":{"rendered":"https:\/\/luczniczy-sklep.pl\/produkt\/tulejka-dociazajaca-black-eagle-revelation-20-gr-2\/"},"modified":"2026-04-10T13:41:13","modified_gmt":"2026-04-10T11:41:13","slug":"tulejka-dociazajaca-black-eagle-revelation-20-gr-2","status":"publish","type":"product","link":"https:\/\/luczniczy-sklep.pl\/en\/product\/tulejka-dociazajaca-black-eagle-revelation-20-gr-2\/","title":{"rendered":"Tulejka doci\u0105\u017caj\u0105ca Black Eagle Revelation 20 gr"},"content":{"rendered":"","protected":false},"excerpt":{"rendered":"","protected":false},"featured_media":69364,"comment_status":"open","ping_status":"closed","template":"","meta":{"_aipt_faq_data":""},"product_brand":[8437],"product_cat":[47,699,46],"product_tag":[],"class_list":{"0":"post-65699","1":"product","2":"type-product","3":"status-publish","4":"has-post-thumbnail","6":"product_brand-black-eagle","7":"product_cat-groty-i-inserty","8":"product_cat-groty-tarczowe","9":"product_cat-strzaly-i-akcesoria","11":"first","12":"instock","13":"taxable","14":"shipping-taxable","15":"purchasable","16":"product-type-variable"},"aioseo_notices":[],"jetpack_sharing_enabled":true,"_links":{"self":[{"href":"https:\/\/luczniczy-sklep.pl\/en\/wp-json\/wp\/v2\/product\/65699","targetHints":{"allow":["GET"]}}],"collection":[{"href":"https:\/\/luczniczy-sklep.pl\/en\/wp-json\/wp\/v2\/product"}],"about":[{"href":"https:\/\/luczniczy-sklep.pl\/en\/wp-json\/wp\/v2\/types\/product"}],"replies":[{"embeddable":true,"href":"https:\/\/luczniczy-sklep.pl\/en\/wp-json\/wp\/v2\/comments?post=65699"}],"wp:featuredmedia":[{"embeddable":true,"href":"https:\/\/luczniczy-sklep.pl\/en\/wp-json\/wp\/v2\/media\/69364"}],"wp:attachment":[{"href":"https:\/\/luczniczy-sklep.pl\/en\/wp-json\/wp\/v2\/media?parent=65699"}],"wp:term":[{"taxonomy":"product_brand","embeddable":true,"href":"https:\/\/luczniczy-sklep.pl\/en\/wp-json\/wp\/v2\/product_brand?post=65699"},{"taxonomy":"product_cat","embeddable":true,"href":"https:\/\/luczniczy-sklep.pl\/en\/wp-json\/wp\/v2\/product_cat?post=65699"},{"taxonomy":"product_tag","embeddable":true,"href":"https:\/\/luczniczy-sklep.pl\/en\/wp-json\/wp\/v2\/product_tag?post=65699"}],"curies":[{"name":"wp","href":"https:\/\/api.w.org\/{rel}","templated":true}]}}