{"id":5880,"date":"2026-02-26T17:54:08","date_gmt":"2026-02-26T16:54:08","guid":{"rendered":"https:\/\/luczniczy-sklep.pl\/produkt\/podstawka-pod-strzale-ze-sruba-tyro-connect-rh-10-2-6-67\/"},"modified":"2026-04-14T14:40:37","modified_gmt":"2026-04-14T12:40:37","slug":"podstawka-pod-strzale-ze-sruba-tyro-connect-rh-10-2-6-67","status":"publish","type":"product","link":"https:\/\/luczniczy-sklep.pl\/en\/product\/podstawka-pod-strzale-ze-sruba-tyro-connect-rh-10-2-6-67\/","title":{"rendered":"Podstawka pod strza\u0142\u0119 ze \u015brub\u0105 Tyro Connect RH 10 2 6.67"},"content":{"rendered":"<p>podp\u00f3rka pod strza\u0142k\u0119 do monta\u017cu w otworze zatyczkowym<br \/>mo\u017cna stosowa\u0107 na ka\u017cdym \u0142uku z otworem na pluger (recurve, bloczkowy)<br \/>mo\u017cliwa regulacja centralnego ustawienia<br \/>dost\u0119pne zapasowe rami\u0119 no\u015bne<\/p>","protected":false},"excerpt":{"rendered":"<p>Zapewnij sobie precyzyjne i stabilne osadzenie strza\u0142y dzi\u0119ki podstawce Tyro Connect RH marki Avalon, kt\u00f3ra zosta\u0142a zaprojektowana z my\u015bl\u0105 o prawor\u0119cznych \u0142ucznikach. Dzi\u0119ki solidnej konstrukcji i precyzyjnemu mocowaniu na \u015brub\u0119, podstawka gwarantuje doskona\u0142\u0105 kontrol\u0119 podczas ka\u017cdego strza\u0142u. Poznaj szczeg\u00f3\u0142y tego niezawodnego akcesorium, kt\u00f3re podniesie jako\u015b\u0107 Twojego treningu i zawod\u00f3w.<\/p>","protected":false},"featured_media":5881,"comment_status":"open","ping_status":"closed","template":"","meta":{"_aipt_faq_data":""},"product_brand":[287],"product_cat":[31,237,65],"product_tag":[6244,5306,6243],"class_list":{"0":"post-5880","1":"product","2":"type-product","3":"status-publish","4":"has-post-thumbnail","6":"product_brand-avalon","7":"product_cat-akcesoria-do-luku","8":"product_cat-podstawki-do-lukow-sportowych-i-tradycyjnych","9":"product_cat-podstawki-pod-strzale","10":"product_tag-mocowanie-strzaly-ze-sruba-tyro-connect","11":"product_tag-podstawka-do-luku-sportowego","12":"product_tag-podstawka-pod-strzale-avalon-rh","14":"first","15":"instock","16":"taxable","17":"shipping-taxable","18":"purchasable","19":"product-type-simple"},"aioseo_notices":[],"jetpack_sharing_enabled":true,"_links":{"self":[{"href":"https:\/\/luczniczy-sklep.pl\/en\/wp-json\/wp\/v2\/product\/5880","targetHints":{"allow":["GET"]}}],"collection":[{"href":"https:\/\/luczniczy-sklep.pl\/en\/wp-json\/wp\/v2\/product"}],"about":[{"href":"https:\/\/luczniczy-sklep.pl\/en\/wp-json\/wp\/v2\/types\/product"}],"replies":[{"embeddable":true,"href":"https:\/\/luczniczy-sklep.pl\/en\/wp-json\/wp\/v2\/comments?post=5880"}],"wp:featuredmedia":[{"embeddable":true,"href":"https:\/\/luczniczy-sklep.pl\/en\/wp-json\/wp\/v2\/media\/5881"}],"wp:attachment":[{"href":"https:\/\/luczniczy-sklep.pl\/en\/wp-json\/wp\/v2\/media?parent=5880"}],"wp:term":[{"taxonomy":"product_brand","embeddable":true,"href":"https:\/\/luczniczy-sklep.pl\/en\/wp-json\/wp\/v2\/product_brand?post=5880"},{"taxonomy":"product_cat","embeddable":true,"href":"https:\/\/luczniczy-sklep.pl\/en\/wp-json\/wp\/v2\/product_cat?post=5880"},{"taxonomy":"product_tag","embeddable":true,"href":"https:\/\/luczniczy-sklep.pl\/en\/wp-json\/wp\/v2\/product_tag?post=5880"}],"curies":[{"name":"wp","href":"https:\/\/api.w.org\/{rel}","templated":true}]}}