{"id":5487,"date":"2026-02-26T17:43:21","date_gmt":"2026-02-26T16:43:21","guid":{"rendered":"https:\/\/luczniczy-sklep.pl\/produkt\/luk-bloczkowy-sanlida-dragon-x8-zestaw-rts-black\/"},"modified":"2026-02-28T10:44:39","modified_gmt":"2026-02-28T09:44:39","slug":"luk-bloczkowy-sanlida-dragon-x8-zestaw-rts-black","status":"publish","type":"product","link":"https:\/\/luczniczy-sklep.pl\/en\/product\/luk-bloczkowy-sanlida-dragon-x8-zestaw-rts-black\/","title":{"rendered":"\u0141uk bloczkowy Sanlida Dragon X8 Zestaw RTS Black"},"content":{"rendered":"<p style=\"text-align: center\"><span style=\"font-size: 14pt\">Oferowany przez nas \u0142uk jest idealny dla os\u00f3b, kt\u00f3re chc\u0105 rozpocz\u0105\u0107 swoj\u0105 przygod\u0119 z tym rodzajem \u0142ucznictwa. Po pierwsze pozwala na dosy\u0107 du\u017cy zakres regulacji bez u\u017cycia prasy ( d\u0142ugo\u015b\u0107 naci\u0105gu od 18&#8243; do 31&#8243; oraz si\u0142a od 10 do 60 funt\u00f3w ). Po drugie jest dosy\u0107 atrakcyjny cenowo je\u017celi chodzi o \u0142uk bloczkowy. Jego dodatkowym atutem jest to, \u017ce zawiera kompletny osprz\u0119t. Nie musimy zastanawia\u0107 si\u0119 jakie akcesoria do niego dobra\u0107, zrobi\u0142 to ju\u017c za nas producent.<\/span><\/p>\n<p style=\"text-align: center\"><span style=\"font-size: 14pt\">W sk\u0142ad zestawu wchodz\u0105:<\/span><\/p>\n<p style=\"text-align: center\"><span style=\"font-size: 14pt\">&#8211; \u0142uk Sanlida Dragon X8<\/span><\/p>\n<p style=\"text-align: center\"><span style=\"font-size: 14pt\">&#8211; podstawka pod strza\u0142\u0119<\/span><\/p>\n<p style=\"text-align: center\"><span style=\"font-size: 14pt\">&#8211; \u00a0celownik<\/span><\/p>\n<p style=\"text-align: center\"><span style=\"font-size: 14pt\">&#8211; stabilizator<\/span><\/p>\n<p style=\"text-align: center\"><span style=\"font-size: 14pt\">&#8211; smycz<\/span><\/p>\n<p style=\"text-align: center\"><span style=\"font-size: 14pt\">&#8211; linka na p\u0119telk\u0119\u00a0<\/span><\/p>\n<p style=\"text-align: center\"><span style=\"font-size: 14pt\">&#8211; peep sight (przeziernik)<\/span><\/p>\n<p style=\"text-align: center\"><span style=\"font-size: 14pt\">&#8211; klucze do regulacji<\/span><\/p>\n<p style=\"text-align: center\">\u00a0<\/p>\n<p style=\"text-align: center\"><span style=\"font-size: 14pt\">Dane techniczne:<\/span><\/p>\n<p style=\"text-align: center\"><span style=\"font-size: 14pt\">Axle-to-Axle ( d\u0142ugo\u015b\u0107 od osi do osi ): 30&#8243;<\/span><\/p>\n<p style=\"text-align: center\"><span style=\"font-size: 14pt\">Si\u0142a naci\u0105gu: 10-60#<\/span><\/p>\n<p style=\"text-align: center\"><span style=\"font-size: 14pt\">D\u0142ugo\u015b\u0107 naci\u0105gu: 18-31&#8243;<\/span><\/p>\n<p style=\"text-align: center\"><span style=\"font-size: 14pt\">Let-Off: 70-80%<\/span><\/p>\n<p style=\"text-align: center\"><span style=\"font-size: 14pt\">Wysoko\u015b\u0107 ci\u0119ciwy: 6.5in<\/span><\/p>\n<p style=\"text-align: center\"><span style=\"font-size: 14pt\">Waga \u0142uku: 3,8 lbs co odpowiada oko\u0142o 1.70 kg<\/span><\/p>\n<p style=\"text-align: center\"><span style=\"font-size: 14pt\">Pr\u0119dko\u015b\u0107 wylotowa strza\u0142y: 310 fps<\/span><\/p>\n<p style=\"text-align: center\"><span style=\"font-size: 14pt\">Wersja: RH<\/span><\/p>\n<p style=\"text-align: center\"><span style=\"font-size: 14pt\">Kolor: czarny<\/span><\/p>\n<p>\u00a0<\/p>\n<p>\u00a0<\/p>","protected":false},"excerpt":{"rendered":"<p>Zapewnij sobie precyzj\u0119 i moc podczas ka\u017cdego strza\u0142u dzi\u0119ki \u0142ukowi bloczkowemu Sanlida Dragon X8, kt\u00f3ry doskonale sprawdzi si\u0119 zar\u00f3wno dla pocz\u0105tkuj\u0105cych, jak i zaawansowanych \u0142ucznik\u00f3w. Regulowana d\u0142ugo\u015b\u0107 od 18 do 31 cali oraz maksymalna si\u0142a naci\u0105gu 60 lbs pozwalaj\u0105 dostosowa\u0107 sprz\u0119t do indywidualnych potrzeb i stylu strzelania. Odkryj pe\u0142en zestaw RTS, kt\u00f3ry zawiera wszystko, czego potrzebujesz, by zacz\u0105\u0107 swoj\u0105 przygod\u0119 z \u0142ucznictwem na najwy\u017cszym poziomie.<\/p>","protected":false},"featured_media":5488,"comment_status":"open","ping_status":"closed","template":"","meta":{"_aipt_faq_data":""},"product_brand":[1557],"product_cat":[1464,1499,1416],"product_tag":[6426,6618,6617],"class_list":{"0":"post-5487","1":"product","2":"type-product","3":"status-publish","4":"has-post-thumbnail","6":"product_brand-sanlida","7":"product_cat-luki-bloczkowe","8":"product_cat-luki-bloczkowe-z-zestawami","9":"product_cat-luki-wszystkie-typy","10":"product_tag-compound-bow-hunting-package","11":"product_tag-right-hand-compound-bow-60-lbs","12":"product_tag-sanlida-dragon-x8-black","14":"first","15":"instock","16":"taxable","17":"shipping-taxable","18":"purchasable","19":"product-type-simple"},"aioseo_notices":[],"jetpack_sharing_enabled":true,"_links":{"self":[{"href":"https:\/\/luczniczy-sklep.pl\/en\/wp-json\/wp\/v2\/product\/5487","targetHints":{"allow":["GET"]}}],"collection":[{"href":"https:\/\/luczniczy-sklep.pl\/en\/wp-json\/wp\/v2\/product"}],"about":[{"href":"https:\/\/luczniczy-sklep.pl\/en\/wp-json\/wp\/v2\/types\/product"}],"replies":[{"embeddable":true,"href":"https:\/\/luczniczy-sklep.pl\/en\/wp-json\/wp\/v2\/comments?post=5487"}],"wp:featuredmedia":[{"embeddable":true,"href":"https:\/\/luczniczy-sklep.pl\/en\/wp-json\/wp\/v2\/media\/5488"}],"wp:attachment":[{"href":"https:\/\/luczniczy-sklep.pl\/en\/wp-json\/wp\/v2\/media?parent=5487"}],"wp:term":[{"taxonomy":"product_brand","embeddable":true,"href":"https:\/\/luczniczy-sklep.pl\/en\/wp-json\/wp\/v2\/product_brand?post=5487"},{"taxonomy":"product_cat","embeddable":true,"href":"https:\/\/luczniczy-sklep.pl\/en\/wp-json\/wp\/v2\/product_cat?post=5487"},{"taxonomy":"product_tag","embeddable":true,"href":"https:\/\/luczniczy-sklep.pl\/en\/wp-json\/wp\/v2\/product_tag?post=5487"}],"curies":[{"name":"wp","href":"https:\/\/api.w.org\/{rel}","templated":true}]}}