{"id":45609,"date":"2026-03-05T08:45:11","date_gmt":"2026-03-05T07:45:11","guid":{"rendered":"https:\/\/luczniczy-sklep.pl\/produkt\/lotki-do-strzal-griffin-2-biale-40-szt-bohning\/"},"modified":"2026-04-17T06:21:57","modified_gmt":"2026-04-17T04:21:57","slug":"lotki-do-strzal-griffin-2-biale-40-szt-bohning","status":"publish","type":"product","link":"https:\/\/luczniczy-sklep.pl\/en\/product\/lotki-do-strzal-griffin-2-biale-40-szt-bohning\/","title":{"rendered":"Lotki do strza\u0142 Griffin 2&#8243; Bia\u0142e (40 szt.) &#8211; BOHNING"},"content":{"rendered":"<p>Q: Czy lotki Griffin 2&#8243; Bia\u0142e s\u0105 kompatybilne z moimi strza\u0142ami i co jest w zestawie?<br \/>\nA: &#8211; Lotki pasuj\u0105 do standardowych strza\u0142 o \u015brednicy do 8 mm. &#8211; W zestawie znajduje si\u0119 40 sztuk bia\u0142ych lotek o d\u0142ugo\u015bci 2 cale (ok. 5 cm).<\/p>\n<p>Q: Jak prawid\u0142owo zamontowa\u0107 i dba\u0107 o lotki Griffin 2&#8243;?<br \/>\nA: &#8211; Montuj lotki na strza\u0142ach za pomoc\u0105 kleju lub systemu zatrzaskowego, unikaj\u0105c nadmiernego docisku. &#8211; Przechowuj je w suchym miejscu, aby zachowa\u0107 ich elastyczno\u015b\u0107 i trwa\u0142o\u015b\u0107.<\/p>\n<p>Q: Ile czasu zajmuje dostawa lotek Griffin 2&#8243; i czy s\u0105 one odpowiednio zabezpieczone?<br \/>\nA: &#8211; Standardowy czas dostawy wynosi 2-5 dni roboczych. &#8211; Lotki s\u0105 pakowane w zabezpieczone opakowanie, kt\u00f3re chroni je przed uszkodzeniem podczas transportu.<\/p>","protected":false},"excerpt":{"rendered":"<p>Zapewnij sobie stabilny i precyzyjny lot strza\u0142y dzi\u0119ki lotkom Griffin 2&#8243; o d\u0142ugo\u015bci 3 cm, kt\u00f3re optymalizuj\u0105 aerodynamik\u0119. W zestawie znajduje si\u0119 40 sztuk w klasycznym bia\u0142ym kolorze, co u\u0142atwia natychmiastow\u0105 wymian\u0119 i popraw\u0119 celno\u015bci. Sprawd\u017a, jak odpowiednio dobrane lotki wp\u0142ywaj\u0105 na skuteczno\u015b\u0107 Twojego \u0142uku.<\/p>","protected":false},"featured_media":45622,"comment_status":"open","ping_status":"closed","template":"","meta":{"_aipt_faq_data":""},"product_brand":[93],"product_cat":[90,91,46],"product_tag":[4747,4753,4856],"class_list":{"0":"post-45609","1":"product","2":"type-product","3":"status-publish","4":"has-post-thumbnail","6":"product_brand-bohning","7":"product_cat-lotki","8":"product_cat-lotki-gumowe","9":"product_cat-strzaly-i-akcesoria","10":"product_tag-akcesoria-lucznicze","11":"product_tag-lotki","12":"product_tag-lotki-gumowe","14":"first","15":"outofstock","16":"taxable","17":"shipping-taxable","18":"purchasable","19":"product-type-variable"},"aioseo_notices":[],"jetpack_sharing_enabled":true,"_links":{"self":[{"href":"https:\/\/luczniczy-sklep.pl\/en\/wp-json\/wp\/v2\/product\/45609","targetHints":{"allow":["GET"]}}],"collection":[{"href":"https:\/\/luczniczy-sklep.pl\/en\/wp-json\/wp\/v2\/product"}],"about":[{"href":"https:\/\/luczniczy-sklep.pl\/en\/wp-json\/wp\/v2\/types\/product"}],"replies":[{"embeddable":true,"href":"https:\/\/luczniczy-sklep.pl\/en\/wp-json\/wp\/v2\/comments?post=45609"}],"wp:featuredmedia":[{"embeddable":true,"href":"https:\/\/luczniczy-sklep.pl\/en\/wp-json\/wp\/v2\/media\/45622"}],"wp:attachment":[{"href":"https:\/\/luczniczy-sklep.pl\/en\/wp-json\/wp\/v2\/media?parent=45609"}],"wp:term":[{"taxonomy":"product_brand","embeddable":true,"href":"https:\/\/luczniczy-sklep.pl\/en\/wp-json\/wp\/v2\/product_brand?post=45609"},{"taxonomy":"product_cat","embeddable":true,"href":"https:\/\/luczniczy-sklep.pl\/en\/wp-json\/wp\/v2\/product_cat?post=45609"},{"taxonomy":"product_tag","embeddable":true,"href":"https:\/\/luczniczy-sklep.pl\/en\/wp-json\/wp\/v2\/product_tag?post=45609"}],"curies":[{"name":"wp","href":"https:\/\/api.w.org\/{rel}","templated":true}]}}