{"id":11781,"date":"2026-02-27T16:09:10","date_gmt":"2026-02-27T15:09:10","guid":{"rendered":"https:\/\/luczniczy-sklep.pl\/produkt\/nasadka-beman-flash\/"},"modified":"2026-04-08T18:02:01","modified_gmt":"2026-04-08T16:02:01","slug":"nasadka-beman-flash","status":"publish","type":"product","link":"https:\/\/luczniczy-sklep.pl\/en\/product\/nasadka-beman-flash\/","title":{"rendered":"Nasadka Beman Flash"},"content":{"rendered":"<p style=\"text-align: center;margin: 0pt 0pt 0pt 0pt\"><span style=\"font-family: Tahoma;font-size: 18pt\">Nasadka do strza\u0142y Beman Carbon Flash.<\/span><\/p>\n<p style=\"text-align: center;margin: 0pt 0pt 0pt 0pt\"><span style=\"font-family: Tahoma;font-size: 18pt\">Naklejana bezpo\u015brednio na strza\u0142\u0119.<\/span><\/p>\n<p style=\"text-align: center;margin: 0pt 0pt 0pt 0pt\"><span style=\"font-family: Tahoma;font-size: 18pt\">\u00a0<\/span><\/p>\n<p style=\"text-align: center;margin: 0pt 0pt 0pt 0pt\"><span style=\"font-family: Tahoma;font-size: 18pt\">Wyst\u0119puje w kilku \u015brednicach:<\/span><\/p>\n<p style=\"text-align: center;margin: 0pt 0pt 0pt 0pt\"><span style=\"font-family: Tahoma;font-size: 18pt\">&#8211; 4.5 mm (promienie o parametrach 1200 i 1400);<\/span><\/p>\n<p style=\"text-align: center;margin: 0pt 0pt 0pt 0pt\"><span style=\"font-family: Tahoma;font-size: 18pt\">&#8211; 5.0 mm (promienie o parametrach 900 i 1000);<\/span><\/p>\n<p style=\"text-align: center;margin: 0pt 0pt 0pt 0pt\"><span style=\"font-family: Tahoma;font-size: 18pt\">&#8211; 5.5 mm (promienie o parametrach 570, 630 oraz 750).<\/span><\/p>","protected":false},"excerpt":{"rendered":"<p>Zapewnij precyzyjne osadzenie strza\u0142y dzi\u0119ki nasadce Beman Flash, dost\u0119pnej w pi\u0119ciu wariantach \u015brednicy od 4,5 mm do 6,3 mm, idealnie dopasowanych do r\u00f3\u017cnych typ\u00f3w strza\u0142 drewnianych i aluminiowych. Kompaktowe wymiary 2 cm na 2 cm gwarantuj\u0105 \u0142atwy monta\u017c i stabilno\u015b\u0107 podczas strza\u0142u. Wybierz odpowiedni kolor i rozmiar, aby zwi\u0119kszy\u0107 kontrol\u0119 nad lotem strza\u0142y.<\/p>","protected":false},"featured_media":11792,"comment_status":"open","ping_status":"closed","template":"","meta":{"_aipt_faq_data":""},"product_brand":[1074],"product_cat":[269,382,46],"product_tag":[4747,4755,4754],"class_list":{"0":"post-11781","1":"product","2":"type-product","3":"status-publish","4":"has-post-thumbnail","6":"product_brand-beman","7":"product_cat-nasadki","8":"product_cat-nasadki-do-strzal-drewnianych-i-aluminiowych","9":"product_cat-strzaly-i-akcesoria","10":"product_tag-akcesoria-lucznicze","11":"product_tag-nasadki","12":"product_tag-strzaly","14":"first","15":"instock","16":"taxable","17":"shipping-taxable","18":"purchasable","19":"product-type-variable"},"aioseo_notices":[],"jetpack_sharing_enabled":true,"_links":{"self":[{"href":"https:\/\/luczniczy-sklep.pl\/en\/wp-json\/wp\/v2\/product\/11781","targetHints":{"allow":["GET"]}}],"collection":[{"href":"https:\/\/luczniczy-sklep.pl\/en\/wp-json\/wp\/v2\/product"}],"about":[{"href":"https:\/\/luczniczy-sklep.pl\/en\/wp-json\/wp\/v2\/types\/product"}],"replies":[{"embeddable":true,"href":"https:\/\/luczniczy-sklep.pl\/en\/wp-json\/wp\/v2\/comments?post=11781"}],"wp:featuredmedia":[{"embeddable":true,"href":"https:\/\/luczniczy-sklep.pl\/en\/wp-json\/wp\/v2\/media\/11792"}],"wp:attachment":[{"href":"https:\/\/luczniczy-sklep.pl\/en\/wp-json\/wp\/v2\/media?parent=11781"}],"wp:term":[{"taxonomy":"product_brand","embeddable":true,"href":"https:\/\/luczniczy-sklep.pl\/en\/wp-json\/wp\/v2\/product_brand?post=11781"},{"taxonomy":"product_cat","embeddable":true,"href":"https:\/\/luczniczy-sklep.pl\/en\/wp-json\/wp\/v2\/product_cat?post=11781"},{"taxonomy":"product_tag","embeddable":true,"href":"https:\/\/luczniczy-sklep.pl\/en\/wp-json\/wp\/v2\/product_tag?post=11781"}],"curies":[{"name":"wp","href":"https:\/\/api.w.org\/{rel}","templated":true}]}}