{"id":11332,"date":"2026-02-27T14:49:36","date_gmt":"2026-02-27T13:49:36","guid":{"rendered":"https:\/\/luczniczy-sklep.pl\/produkt\/luk-bloczkowy-diamond-by-bowtech-edge-320-zestaw-camo\/"},"modified":"2026-04-10T14:26:02","modified_gmt":"2026-04-10T12:26:02","slug":"luk-bloczkowy-diamond-by-bowtech-edge-320-zestaw-camo","status":"publish","type":"product","link":"https:\/\/luczniczy-sklep.pl\/en\/product\/luk-bloczkowy-diamond-by-bowtech-edge-320-zestaw-camo\/","title":{"rendered":"\u0141uk bloczkowy Diamond by Bowtech EDGE 320 Zestaw CAMO"},"content":{"rendered":"<p style=\"text-align: center\"><span style=\"font-size: 14pt\">Jeden z najpopularniejszych modeli zaproponowanych przez firm\u0119 Bowtech w naprawd\u0119 rozs\u0105dnej cenie wzgl\u0119dem jako\u015bci. Tak naj\u0142atwiej scharakteryzowa\u0107 \u0142uk<strong> Diamond Edge 320<\/strong>. Jest to \u0142uk nie tylko polecany zaawansowanym i \u015bredniozaawansowanym \u0142ucznikom, ale r\u00f3wnie\u017c osobom pocz\u0105tkuj\u0105cym. Wszystko to dzi\u0119ki dobrym parametrom \u0142uku, du\u017cej mo\u017cliwo\u015bci regulacji d\u0142ugo\u015bci i si\u0142y naci\u0105gu. Dzi\u0119ki zastosowaniu jednego z najlepszych system\u00f3w bloczk\u00f3w &#8211; <strong>Binary Cam<\/strong> jest dosy\u0107 prosty w ustawieniu. <\/span><\/p>\n<p style=\"text-align: center\"><span style=\"font-size: 14pt\">Diamond Edge 320 ma dosy\u0107 wysok\u0105 pr\u0119dko\u015b\u0107 wylotow\u0105 &#8211; 330 fps i wa\u017cy 3,6 lbs (co odpowiada oko\u0142o 1,6 kg). <\/span><\/p>\n<p style=\"text-align: center\"><span style=\"font-size: 14pt\">\u0141uk ma regulowane modu\u0142y, dzi\u0119ki czemu mo\u017cemy ustawi\u0107 d\u0142ugo\u015b\u0107 naci\u0105gu bez konieczno\u015bci u\u017cycia prasy. <\/span><\/p>\n<p style=\"text-align: center\">\u00a0<\/p>\n<p style=\"text-align: center\"><span style=\"font-size: 14pt\"><strong>W sk\u0142ad zestawu wchodz\u0105:<\/strong> <\/span><\/p>\n<p style=\"text-align: center\"><span style=\"font-size: 14pt\">&#8211; \u0142uk bloczkowy Diamond Edge 320, <\/span><\/p>\n<p style=\"text-align: center\"><span style=\"font-size: 14pt\">&#8211; stabilizator my\u015bliwski Hostage 5&#8243;,<\/span><\/p>\n<p style=\"text-align: center\"><span style=\"font-size: 14pt\">&#8211; podstawka pod strza\u0142\u0119 Hostage, <\/span><\/p>\n<p style=\"text-align: center\"><span style=\"font-size: 14pt\">&#8211; celownik 3-pin, <\/span><\/p>\n<p style=\"text-align: center\"><span style=\"font-size: 14pt\">&#8211; ko\u0142czan DeadLock Lite, <\/span><\/p>\n<p style=\"text-align: center\"><span style=\"font-size: 14pt\">&#8211; smycz, <\/span><\/p>\n<p style=\"text-align: center\"><span style=\"font-size: 14pt\">&#8211; p\u0119telka, <\/span><\/p>\n<p style=\"text-align: center\"><span style=\"font-size: 14pt\">-przeziernik.<\/span><\/p>\n<p style=\"text-align: center\">\u00a0<\/p>\n<p style=\"text-align: center\"><strong><span style=\"font-size: 14pt\">Specyfikacja:<\/span><\/strong><\/p>\n<p style=\"text-align: center\"><span style=\"font-size: 14pt\">&#8211; d\u0142ugo\u015b\u0107 naci\u0105gu: 15-31&#8243;,<\/span><\/p>\n<p style=\"text-align: center\"><span style=\"font-size: 14pt\">&#8211; pr\u0119dko\u015b\u0107 pocz\u0105tkowa: 330 fps,<\/span><\/p>\n<p style=\"text-align: center\"><span style=\"font-size: 14pt\">&#8211; waga: 3,6 LBS,<\/span><\/p>\n<p style=\"text-align: center\"><span style=\"font-size: 14pt\">&#8211; rozmiar (ATA): 31,5&#8243;,<\/span><\/p>\n<p style=\"text-align: center\"><span style=\"font-size: 14pt\">&#8211; BH: 7,25&#8243;,<\/span><\/p>\n<p style=\"text-align: center\"><span style=\"font-size: 14pt\">&#8211; zakres regulacji si\u0142y naci\u0105gu: 7-70 LBS, <\/span><\/p>\n<p style=\"text-align: center\"><span style=\"font-size: 14pt\">&#8211; Let-off: 85%. <\/span><\/p>","protected":false},"excerpt":{"rendered":"<p>Osi\u0105gnij precyzj\u0119 i szybko\u015b\u0107 strza\u0142\u00f3w, kt\u00f3re odmieni\u0105 Twoje do\u015bwiadczenia \u0142ucznicze. \u0141uk bloczkowy Diamond by Bowtech EDGE 320, wyposa\u017cony w zaawansowany system CAMO, zapewnia niezr\u00f3wnan\u0105 stabilno\u015b\u0107 i moc. Odkryj, jak ten model mo\u017ce podnie\u015b\u0107 Twoje umiej\u0119tno\u015bci na nowy poziom.<\/p>","protected":false},"featured_media":11333,"comment_status":"open","ping_status":"closed","template":"","meta":{"_aipt_faq_data":""},"product_brand":[535],"product_cat":[1464,1465,1416],"product_tag":[4464,4465,4466],"class_list":{"0":"post-11332","1":"product","2":"type-product","3":"status-publish","4":"has-post-thumbnail","6":"product_brand-diamond-by-bowtech","7":"product_cat-luki-bloczkowe","8":"product_cat-luki-bloczkowe-bowtech","9":"product_cat-luki-wszystkie-typy","10":"product_tag-luk-bloczkowy-diamond-edge-320","11":"product_tag-luk-mysliwski-diamond-bowtech","12":"product_tag-zestaw-luku-bloczkowego-camo","14":"first","15":"outofstock","16":"taxable","17":"shipping-taxable","18":"purchasable","19":"product-type-simple"},"aioseo_notices":[],"jetpack_sharing_enabled":true,"_links":{"self":[{"href":"https:\/\/luczniczy-sklep.pl\/en\/wp-json\/wp\/v2\/product\/11332","targetHints":{"allow":["GET"]}}],"collection":[{"href":"https:\/\/luczniczy-sklep.pl\/en\/wp-json\/wp\/v2\/product"}],"about":[{"href":"https:\/\/luczniczy-sklep.pl\/en\/wp-json\/wp\/v2\/types\/product"}],"replies":[{"embeddable":true,"href":"https:\/\/luczniczy-sklep.pl\/en\/wp-json\/wp\/v2\/comments?post=11332"}],"wp:featuredmedia":[{"embeddable":true,"href":"https:\/\/luczniczy-sklep.pl\/en\/wp-json\/wp\/v2\/media\/11333"}],"wp:attachment":[{"href":"https:\/\/luczniczy-sklep.pl\/en\/wp-json\/wp\/v2\/media?parent=11332"}],"wp:term":[{"taxonomy":"product_brand","embeddable":true,"href":"https:\/\/luczniczy-sklep.pl\/en\/wp-json\/wp\/v2\/product_brand?post=11332"},{"taxonomy":"product_cat","embeddable":true,"href":"https:\/\/luczniczy-sklep.pl\/en\/wp-json\/wp\/v2\/product_cat?post=11332"},{"taxonomy":"product_tag","embeddable":true,"href":"https:\/\/luczniczy-sklep.pl\/en\/wp-json\/wp\/v2\/product_tag?post=11332"}],"curies":[{"name":"wp","href":"https:\/\/api.w.org\/{rel}","templated":true}]}}