{"id":11330,"date":"2026-02-27T14:48:05","date_gmt":"2026-02-27T13:48:05","guid":{"rendered":"https:\/\/luczniczy-sklep.pl\/produkt\/luk-bloczkowy-bowtech-amplify-10-70lbs-21-30-black\/"},"modified":"2026-04-10T14:25:55","modified_gmt":"2026-04-10T12:25:55","slug":"luk-bloczkowy-bowtech-amplify-10-70lbs-21-30-black","status":"publish","type":"product","link":"https:\/\/luczniczy-sklep.pl\/en\/product\/luk-bloczkowy-bowtech-amplify-10-70lbs-21-30-black\/","title":{"rendered":"\u0141uk bloczkowy Bowtech AMPLIFY 10-70LBS 21-30&#8243; BLACK"},"content":{"rendered":"<p>Amplify od Bowtech to \u0142uk o ekstremalnej wr\u0119cz mo\u017cliwo\u015bci regulacji si\u0142y naci\u0105gu &#8211; od 10 do 70 LBS!<\/p>","protected":false},"excerpt":{"rendered":"<p>Precyzyjne celowanie i szeroki zakres si\u0142y naci\u0105gu od 10 do 70 lbs umo\u017cliwiaj\u0105 dopasowanie \u0142uku Bowtech AMPLIFY do r\u00f3\u017cnych warunk\u00f3w strzelania i poziom\u00f3w zaawansowania. Kompaktowa d\u0142ugo\u015b\u0107 30 cali w wersji dla strzelc\u00f3w prawor\u0119cznych pozwala na wygodn\u0105 obs\u0142ug\u0119 i kontrol\u0119, a waga 2,98 kg zapewnia stabilno\u015b\u0107 bez nadmiernego obci\u0105\u017cenia. Poznaj pe\u0142ne mo\u017cliwo\u015bci tego zaawansowanego \u0142uku bloczkowego i zoptymalizuj swoje do\u015bwiadczenia \u0142ucznicze.<\/p>","protected":false},"featured_media":11331,"comment_status":"open","ping_status":"closed","template":"","meta":{"_aipt_faq_data":""},"product_brand":[546],"product_cat":[1464,1465,1416],"product_tag":[4802,4800,4801],"class_list":{"0":"post-11330","1":"product","2":"type-product","3":"status-publish","4":"has-post-thumbnail","6":"product_brand-bowtech","7":"product_cat-luki-bloczkowe","8":"product_cat-luki-bloczkowe-bowtech","9":"product_cat-luki-wszystkie-typy","10":"product_tag-bowtech","11":"product_tag-lucznictwo","12":"product_tag-luk-bloczkowy","14":"first","15":"instock","16":"taxable","17":"shipping-taxable","18":"purchasable","19":"product-type-simple"},"aioseo_notices":[],"jetpack_sharing_enabled":true,"_links":{"self":[{"href":"https:\/\/luczniczy-sklep.pl\/en\/wp-json\/wp\/v2\/product\/11330","targetHints":{"allow":["GET"]}}],"collection":[{"href":"https:\/\/luczniczy-sklep.pl\/en\/wp-json\/wp\/v2\/product"}],"about":[{"href":"https:\/\/luczniczy-sklep.pl\/en\/wp-json\/wp\/v2\/types\/product"}],"replies":[{"embeddable":true,"href":"https:\/\/luczniczy-sklep.pl\/en\/wp-json\/wp\/v2\/comments?post=11330"}],"wp:featuredmedia":[{"embeddable":true,"href":"https:\/\/luczniczy-sklep.pl\/en\/wp-json\/wp\/v2\/media\/11331"}],"wp:attachment":[{"href":"https:\/\/luczniczy-sklep.pl\/en\/wp-json\/wp\/v2\/media?parent=11330"}],"wp:term":[{"taxonomy":"product_brand","embeddable":true,"href":"https:\/\/luczniczy-sklep.pl\/en\/wp-json\/wp\/v2\/product_brand?post=11330"},{"taxonomy":"product_cat","embeddable":true,"href":"https:\/\/luczniczy-sklep.pl\/en\/wp-json\/wp\/v2\/product_cat?post=11330"},{"taxonomy":"product_tag","embeddable":true,"href":"https:\/\/luczniczy-sklep.pl\/en\/wp-json\/wp\/v2\/product_tag?post=11330"}],"curies":[{"name":"wp","href":"https:\/\/api.w.org\/{rel}","templated":true}]}}