{"id":11125,"date":"2026-02-27T14:14:07","date_gmt":"2026-02-27T13:14:07","guid":{"rendered":"https:\/\/luczniczy-sklep.pl\/produkt\/luk-bloczkowy-bowtech-carbon-overdrive-rh-50-25-30-mossy-oak-break-up\/"},"modified":"2026-04-17T01:45:42","modified_gmt":"2026-04-16T23:45:42","slug":"luk-bloczkowy-bowtech-carbon-overdrive-rh-50-25-30-mossy-oak-break-up","status":"publish","type":"product","link":"https:\/\/luczniczy-sklep.pl\/en\/product\/luk-bloczkowy-bowtech-carbon-overdrive-rh-50-25-30-mossy-oak-break-up\/","title":{"rendered":"\u0141uk bloczkowy Bowtech Carbon Overdrive RH 50 25-30&#8243; Mossy Oak Break Up"},"content":{"rendered":"<p style=\"text-align: center;margin: 0pt 0pt 0pt 0pt\"><span style=\"font-family: Tahoma;font-size: 12pt;font-weight: bold\">Model Carbon Overdrive z oferty firmy Bowtech dost\u0119pny jest w czterech wersjach kolorystycznych oraz trzech wagowych. <\/span><\/p>\n<p style=\"text-align: center;margin: 0pt 0pt 0pt 0pt\"><span style=\"font-family: Tahoma;font-size: 9pt\">\u00a0 <\/span><\/p>\n<p style=\"text-align: center;margin: 0pt 0pt 0pt 0pt\">\u00a0<\/p>\n<p style=\"text-align: center;margin: 0pt 0pt 0pt 0pt\"><span style=\"font-family: Calibri;font-size: 11pt\">\u00a0<\/span><\/p>\n<p style=\"text-align: center;margin: 0pt 0pt 0pt 0pt\"><span style=\"font-family: Tahoma;font-size: 12pt;font-weight: bold\">Niezwykle lekki majdan, system krzywek oraz pr\u0119dko\u015b\u0107 pocz\u0105tkowa strza\u0142y wynosz\u0105ca 342 fps to tylko niekt\u00f3re z zalet tego modelu. <\/span><\/p>\n<p style=\"text-align: center;margin: 0pt 0pt 0pt 0pt\"><span style=\"font-family: Tahoma;font-size: 9pt\">\u00a0 <\/span><\/p>\n<p style=\"text-align: center;margin: 0pt 0pt 0pt 0pt\"><span style=\"font-family: Tahoma;font-size: 9pt\">\u00a0 <\/span><\/p>\n<p style=\"text-align: center;margin: 0pt 0pt 0pt 0pt\"><span style=\"font-family: Tahoma;font-size: 16pt;font-weight: bold\">Dane techniczne: <\/span><\/p>\n<p style=\"text-align: center;margin: 0pt 0pt 0pt 0pt\"><span style=\"font-family: Calibri;font-size: 16pt;font-weight: bold\">\u00a0<\/span><\/p>\n<p style=\"text-align: center;margin: 0pt 0pt 0pt 0pt\"><span style=\"font-family: Tahoma;font-size: 13pt\">Brace Height: 6.5&#8243;; <br \/>Axle to Axle: 31,5&#8243;; <br \/>Draw length: 25-30&#8243;; <br \/>Draw weight: 50lbs<br \/>IBO Speed: 342 fps; <br \/>Mass weight: 3.3 lbs; <br \/>Kinetic Energy: 90.9 fpe; <br \/>Effective Let-Off: 80%. <\/span><\/p>\n<p style=\"text-align: center;margin: 0pt 0pt 0pt 0pt\"><span style=\"font-family: Tahoma;font-size: 13pt\">\u00a0 <\/span><\/p>\n<p style=\"text-align: center;margin: 0pt 0pt 0pt 0pt\"><span style=\"font-family: Tahoma;font-size: 13pt\">\u00a0 <\/span><\/p>","protected":false},"excerpt":{"rendered":"<p>Precyzyjne celowanie i maksymalna moc strza\u0142u dzi\u0119ki konstrukcji \u0142uku o d\u0142ugo\u015bci 116 cm, kt\u00f3ra zapewnia stabilno\u015b\u0107 i kontrol\u0119 w ka\u017cdych warunkach. Niska waga 30 kg umo\u017cliwia wygodne u\u017cytkowanie podczas d\u0142ugotrwa\u0142ych sesji treningowych i polowa\u0144. Poznaj szczeg\u00f3\u0142y techniczne \u0142uku Bowtech Carbon Overdrive RH 50 i podnie\u015b swoje umiej\u0119tno\u015bci \u0142ucznicze na wy\u017cszy poziom.<\/p>","protected":false},"featured_media":11128,"comment_status":"open","ping_status":"closed","template":"","meta":{"_aipt_faq_data":""},"product_brand":[546],"product_cat":[1464,1465,1416],"product_tag":[4802,4801,4766],"class_list":{"0":"post-11125","1":"product","2":"type-product","3":"status-publish","4":"has-post-thumbnail","6":"product_brand-bowtech","7":"product_cat-luki-bloczkowe","8":"product_cat-luki-bloczkowe-bowtech","9":"product_cat-luki-wszystkie-typy","10":"product_tag-bowtech","11":"product_tag-luk-bloczkowy","12":"product_tag-sprzet-luczniczy","14":"first","15":"outofstock","16":"taxable","17":"shipping-taxable","18":"purchasable","19":"product-type-simple"},"aioseo_notices":[],"jetpack_sharing_enabled":true,"_links":{"self":[{"href":"https:\/\/luczniczy-sklep.pl\/en\/wp-json\/wp\/v2\/product\/11125","targetHints":{"allow":["GET"]}}],"collection":[{"href":"https:\/\/luczniczy-sklep.pl\/en\/wp-json\/wp\/v2\/product"}],"about":[{"href":"https:\/\/luczniczy-sklep.pl\/en\/wp-json\/wp\/v2\/types\/product"}],"replies":[{"embeddable":true,"href":"https:\/\/luczniczy-sklep.pl\/en\/wp-json\/wp\/v2\/comments?post=11125"}],"wp:featuredmedia":[{"embeddable":true,"href":"https:\/\/luczniczy-sklep.pl\/en\/wp-json\/wp\/v2\/media\/11128"}],"wp:attachment":[{"href":"https:\/\/luczniczy-sklep.pl\/en\/wp-json\/wp\/v2\/media?parent=11125"}],"wp:term":[{"taxonomy":"product_brand","embeddable":true,"href":"https:\/\/luczniczy-sklep.pl\/en\/wp-json\/wp\/v2\/product_brand?post=11125"},{"taxonomy":"product_cat","embeddable":true,"href":"https:\/\/luczniczy-sklep.pl\/en\/wp-json\/wp\/v2\/product_cat?post=11125"},{"taxonomy":"product_tag","embeddable":true,"href":"https:\/\/luczniczy-sklep.pl\/en\/wp-json\/wp\/v2\/product_tag?post=11125"}],"curies":[{"name":"wp","href":"https:\/\/api.w.org\/{rel}","templated":true}]}}