{"id":11122,"date":"2026-02-27T14:13:56","date_gmt":"2026-02-27T13:13:56","guid":{"rendered":"https:\/\/luczniczy-sklep.pl\/produkt\/luk-bowtech-infinite-z-zest-10-70-black\/"},"modified":"2026-04-10T14:25:39","modified_gmt":"2026-04-10T12:25:39","slug":"luk-bowtech-infinite-z-zest-10-70-black","status":"publish","type":"product","link":"https:\/\/luczniczy-sklep.pl\/en\/product\/luk-bowtech-infinite-z-zest-10-70-black\/","title":{"rendered":"\u0141uk Bowtech Infinite z zest. 10-70 Black"},"content":{"rendered":"<p style=\"text-align: center;margin: 0pt 0pt 0pt 0pt\"><span style=\"font-size: 18pt\"><span style=\"font-family: Tahoma;font-weight: bold\">\u0141uk bloczkowy Infinite Edge<\/span><span style=\"font-family: Tahoma\"> firmy<\/span><span style=\"font-family: Tahoma;font-weight: bold\"> Diamond by Bowtech<\/span><span style=\"font-family: Tahoma\">. <\/span><\/span><\/p>\n<p style=\"text-align: center;margin: 0pt 0pt 0pt 0pt\"><span style=\"font-family: Tahoma;font-size: 18pt\">\u00a0<\/span><\/p>\n<p style=\"text-align: center;margin: 0pt 0pt 0pt 0pt\"><span style=\"font-family: Tahoma;font-size: 18pt\">Propozycja firmy Diamond to \u0142uk uniwersalny, zar\u00f3wno dla m\u0119\u017cczyzn, kobiet i dzieci. <\/span><\/p>\n<p style=\"text-align: center;margin: 0pt 0pt 0pt 0pt\"><span style=\"font-family: Tahoma;font-size: 18pt\">\u00a0<\/span><\/p>\n<p style=\"text-align: center;margin: 0pt 0pt 0pt 0pt\"><span style=\"font-family: Tahoma;font-size: 18pt\">Infinite Edge oferuje niesamowity zakres regulacji wagi (5-70#) i d\u0142ugo\u015bci (13-30\u201d) naci\u0105gu.<\/span><\/p>\n<p style=\"text-align: center;margin: 0pt 0pt 0pt 0pt\"><span style=\"font-family: Tahoma;font-size: 18pt\">\u00a0<\/span><\/p>\n<p style=\"text-align: center;margin: 0pt 0pt 0pt 0pt\"><span style=\"font-family: Tahoma;font-size: 18pt;font-weight: bold\">\u0141uk z zestawem.<\/span><\/p>\n<p style=\"text-align: center;margin: 0pt 0pt 0pt 0pt\"><span style=\"font-size: 18pt\"><span style=\"font-family: Tahoma\">W sk\u0142ad zestawu wchodz\u0105: 3-pinowy celownik <\/span><span style=\"font-family: Tahoma;font-weight: bold\">Apex Sight<\/span><span style=\"font-family: Tahoma\">, podstawka <\/span><span style=\"font-family: Tahoma;font-weight: bold\">Hostage XL<\/span><span style=\"font-family: Tahoma\">, ko\u0142czan <\/span><span style=\"font-family: Tahoma;font-weight: bold\">Octane DeadLock Lite<\/span><span style=\"font-family: Tahoma\">, peep sight oraz p\u0119telka. <\/span><\/span><\/p>\n<p style=\"text-align: center;margin: 0pt 0pt 0pt 0pt\"><span style=\"font-family: Tahoma;font-size: 18pt\">\u00a0<\/span><\/p>\n<p style=\"text-align: center;margin: 0pt 0pt 0pt 0pt\"><span style=\"font-family: Tahoma;font-size: 18pt;font-weight: bold\">Dane techniczne: <\/span><\/p>\n<p style=\"text-align: center;margin: 0pt 0pt 0pt 0pt\"><span style=\"font-family: Tahoma;font-size: 18pt\">D\u0142ugo\u015b\u0107 \u0142uku ATA: 31&#8243;;<\/span><\/p>\n<p style=\"text-align: center;margin: 0pt 0pt 0pt 0pt\"><span style=\"font-family: Tahoma;font-size: 18pt\">Waga naci\u0105gu: 5-70#;<\/span><\/p>\n<p style=\"text-align: center;margin: 0pt 0pt 0pt 0pt\"><span style=\"font-family: Tahoma;font-size: 18pt\">D\u0142ugo\u015b\u0107 naci\u0105gu: 13-30&#8243;;<\/span><\/p>\n<p style=\"text-align: center;margin: 0pt 0pt 0pt 0pt\"><span style=\"font-family: Tahoma;font-size: 18pt\">Wysoko\u015b\u0107 ci\u0119ciwy: 7&#8243;;<\/span><\/p>\n<p style=\"text-align: center;margin: 0pt 0pt 0pt 0pt\"><span style=\"font-family: Tahoma;font-size: 18pt\">Let-off: 75 %;<\/span><\/p>\n<p style=\"text-align: center;margin: 0pt 0pt 0pt 0pt\"><span style=\"font-family: Tahoma;font-size: 18pt\">Pr\u0119dko\u015b\u0107 (IBO): 310 fps;<\/span><\/p>\n<p style=\"text-align: center;margin: 0pt 0pt 0pt 0pt\"><span style=\"font-family: Tahoma;font-size: 18pt\">Waga: 3,1 Lbs;<\/span><\/p>\n<p style=\"text-align: center;margin: 0pt 0pt 0pt 0pt\"><span style=\"font-family: Tahoma;font-size: 18pt\">Wersja: RH.<\/span><\/p>\n<p style=\"text-align: center;margin: 0pt 0pt 0pt 0pt\"><span style=\"font-family: Tahoma;font-size: 18pt\">\u00a0<\/span><\/p>\n<p style=\"text-align: center;margin: 0pt 0pt 0pt 0pt\"><span style=\"font-family: Tahoma;font-size: 18pt\">\u0141uk dost\u0119pny w dw\u00f3ch wersjach kolorystycznych:<\/span><\/p>\n<p style=\"text-align: center;margin: 0pt 0pt 0pt 0pt\"><span style=\"font-family: Tahoma;font-size: 18pt\">Mossy OAK Infinity;<\/span><\/p>\n<p style=\"text-align: center;margin: 0pt 0pt 0pt 0pt\"><span style=\"font-family: Tahoma;font-size: 18pt\">\u00a0<\/span><\/p>\n<p style=\"text-align: center;margin: 0pt 0pt 0pt 0pt\"><span style=\"font-size: 18pt\"><\/span><\/p>\n<p style=\"margin: 0pt;text-align: center\"><span style=\"font-family: Tahoma;font-size: 11pt\"><span style=\"font-size: 18pt\">czarny.<\/span> <\/span><\/p>","protected":false},"excerpt":{"rendered":"<p>Precyzja i stabilno\u015b\u0107 strza\u0142u dzi\u0119ki 30 kg masie \u0142uku Bowtech Infinite, kt\u00f3ra minimalizuje drgania podczas celowania. Kompaktowa d\u0142ugo\u015b\u0107 116 cm pozwala na wygodn\u0105 obs\u0142ug\u0119 nawet w trudnych warunkach terenowych. Sprawd\u017a, jak ten \u0142uk bloczkowy podniesie efektywno\u015b\u0107 Twoich trening\u00f3w i zawod\u00f3w.<\/p>","protected":false},"featured_media":11123,"comment_status":"open","ping_status":"closed","template":"","meta":{"_aipt_faq_data":""},"product_brand":[546],"product_cat":[1464,1465,1416],"product_tag":[4802,4812,4790],"class_list":{"0":"post-11122","1":"product","2":"type-product","3":"status-publish","4":"has-post-thumbnail","6":"product_brand-bowtech","7":"product_cat-luki-bloczkowe","8":"product_cat-luki-bloczkowe-bowtech","9":"product_cat-luki-wszystkie-typy","10":"product_tag-bowtech","11":"product_tag-luki-bloczkowe","12":"product_tag-luki-sportowe","14":"first","15":"outofstock","16":"taxable","17":"shipping-taxable","18":"purchasable","19":"product-type-simple"},"aioseo_notices":[],"jetpack_sharing_enabled":true,"_links":{"self":[{"href":"https:\/\/luczniczy-sklep.pl\/en\/wp-json\/wp\/v2\/product\/11122","targetHints":{"allow":["GET"]}}],"collection":[{"href":"https:\/\/luczniczy-sklep.pl\/en\/wp-json\/wp\/v2\/product"}],"about":[{"href":"https:\/\/luczniczy-sklep.pl\/en\/wp-json\/wp\/v2\/types\/product"}],"replies":[{"embeddable":true,"href":"https:\/\/luczniczy-sklep.pl\/en\/wp-json\/wp\/v2\/comments?post=11122"}],"wp:featuredmedia":[{"embeddable":true,"href":"https:\/\/luczniczy-sklep.pl\/en\/wp-json\/wp\/v2\/media\/11123"}],"wp:attachment":[{"href":"https:\/\/luczniczy-sklep.pl\/en\/wp-json\/wp\/v2\/media?parent=11122"}],"wp:term":[{"taxonomy":"product_brand","embeddable":true,"href":"https:\/\/luczniczy-sklep.pl\/en\/wp-json\/wp\/v2\/product_brand?post=11122"},{"taxonomy":"product_cat","embeddable":true,"href":"https:\/\/luczniczy-sklep.pl\/en\/wp-json\/wp\/v2\/product_cat?post=11122"},{"taxonomy":"product_tag","embeddable":true,"href":"https:\/\/luczniczy-sklep.pl\/en\/wp-json\/wp\/v2\/product_tag?post=11122"}],"curies":[{"name":"wp","href":"https:\/\/api.w.org\/{rel}","templated":true}]}}