{"id":58423,"date":"2026-03-10T21:51:57","date_gmt":"2026-03-10T20:51:57","guid":{"rendered":"https:\/\/luczniczy-sklep.pl\/?page_id=58423"},"modified":"2026-03-10T21:52:01","modified_gmt":"2026-03-10T20:52:01","slug":"platnosc-i-wysylka","status":"publish","type":"page","link":"https:\/\/luczniczy-sklep.pl\/en\/platnosc-i-wysylka\/","title":{"rendered":"P\u0142atno\u015b\u0107 i wysy\u0142ka"},"content":{"rendered":"<h1 class=\"wp-block-heading ext-animate--on\">Wysy\u0142ka<\/h1>\n\n\n\n<p class=\"ext-animate--on\">DPD <\/p>\n\n\n\n<p class=\"ext-animate--on\">GLS <\/p>\n\n\n\n<p class=\"ext-animate--on\">Odbi\u00f3r osobisty<\/p>\n\n\n\n<p class=\"ext-animate--on\">Paczkomaty InPost &#8211; wszystkie rozmiary<\/p>\n\n\n\n<p class=\"ext-animate--on\">Sposoby p\u0142atno\u015bci, prowizje, rabaty<\/p>\n\n\n\n<h4 class=\"wp-block-heading ext-animate--on\">P\u0142atno\u015bci ekspresowe PayByLink<\/h4>\n\n\n\n<p class=\"ext-animate--on\">Alior Bank S.A. (P\u0142ac\u0119 z Alior Bankiem)Bank BPSBank MillenniumBank Pekao S.A (Pekao24Przelew)Bank PocztowyBNP ParibasBO\u015a BankCitibank Handlowy S.A. (P\u0142ac\u0119 z Citi Handlowy)Credit AgricoleGetin BankIdeaBankING Bank \u015al\u0105skiInteligo (P\u0142ac\u0119 z Inteligo)PKO Bank Polski S.A. (iPKO)mBank (mTransfer)Nest BankNoble BankPay Way Toyota BankPBS BankPeoPayInvest-Bank S.A.Santander Bank PolskaSGBSKOK<\/p>\n\n\n\n<h4 class=\"wp-block-heading ext-animate--on\">Karty p\u0142atnicze<\/h4>\n\n\n\n<p class=\"ext-animate--on\">MasterCardVisa<\/p>\n\n\n\n<h4 class=\"wp-block-heading ext-animate--on\">P\u0142atno\u015bci ratalne<\/h4>\n\n\n\n<p class=\"ext-animate--on\">Zap\u0142a\u0107 za 21 dni!(Op\u0142ata 1.00%)Raty Alior BankiLeasingiRatymBank mRatyPayPo &#8211; kup teraz, zap\u0142a\u0107 za 30 dni<\/p>\n\n\n\n<h4 class=\"wp-block-heading ext-animate--on\">Przelew<\/h4>\n\n\n\n<h4 class=\"wp-block-heading ext-animate--on\">BLIK<\/h4>\n\n\n\n<h4 class=\"wp-block-heading ext-animate--on\">PayPal<\/h4>\n\n\n\n<h4 class=\"wp-block-heading ext-animate--on\">Paywalle<\/h4>\n\n\n\n<p class=\"ext-animate--on\">imojePrzelewy24Google PayApple Pay<\/p>\n\n\n\n<h4 class=\"wp-block-heading ext-animate--on\">Pozosta\u0142e<\/h4>\n\n\n\n<p class=\"ext-animate--on\">Karta podarunkowa<\/p>","protected":false},"excerpt":{"rendered":"<p>Wysy\u0142ka DPD GLS Odbi\u00f3r osobisty Paczkomaty InPost &#8211; wszystkie rozmiary Sposoby p\u0142atno\u015bci, prowizje, rabaty P\u0142atno\u015bci ekspresowe PayByLink Alior Bank S.A. (P\u0142ac\u0119 z Alior Bankiem)Bank BPSBank MillenniumBank Pekao S.A (Pekao24Przelew)Bank PocztowyBNP ParibasBO\u015a BankCitibank Handlowy S.A. (P\u0142ac\u0119 z Citi Handlowy)Credit AgricoleGetin BankIdeaBankING Bank \u015al\u0105skiInteligo (P\u0142ac\u0119 z Inteligo)PKO Bank Polski S.A. (iPKO)mBank (mTransfer)Nest BankNoble BankPay Way Toyota BankPBS [&hellip;]<\/p>\n","protected":false},"author":1,"featured_media":0,"parent":0,"menu_order":0,"comment_status":"closed","ping_status":"closed","template":"page-with-title","meta":{"footnotes":""},"class_list":["post-58423","page","type-page","status-publish","hentry"],"aioseo_notices":[],"jetpack_sharing_enabled":true,"_links":{"self":[{"href":"https:\/\/luczniczy-sklep.pl\/en\/wp-json\/wp\/v2\/pages\/58423","targetHints":{"allow":["GET"]}}],"collection":[{"href":"https:\/\/luczniczy-sklep.pl\/en\/wp-json\/wp\/v2\/pages"}],"about":[{"href":"https:\/\/luczniczy-sklep.pl\/en\/wp-json\/wp\/v2\/types\/page"}],"author":[{"embeddable":true,"href":"https:\/\/luczniczy-sklep.pl\/en\/wp-json\/wp\/v2\/users\/1"}],"replies":[{"embeddable":true,"href":"https:\/\/luczniczy-sklep.pl\/en\/wp-json\/wp\/v2\/comments?post=58423"}],"version-history":[{"count":1,"href":"https:\/\/luczniczy-sklep.pl\/en\/wp-json\/wp\/v2\/pages\/58423\/revisions"}],"predecessor-version":[{"id":58425,"href":"https:\/\/luczniczy-sklep.pl\/en\/wp-json\/wp\/v2\/pages\/58423\/revisions\/58425"}],"wp:attachment":[{"href":"https:\/\/luczniczy-sklep.pl\/en\/wp-json\/wp\/v2\/media?parent=58423"}],"curies":[{"name":"wp","href":"https:\/\/api.w.org\/{rel}","templated":true}]}}