{"id":44,"date":"2026-02-24T13:06:42","date_gmt":"2026-02-24T12:06:42","guid":{"rendered":"https:\/\/luczniczy-sklep.pl\/zespol\/"},"modified":"2026-03-10T21:28:57","modified_gmt":"2026-03-10T20:28:57","slug":"zespol","status":"publish","type":"page","link":"https:\/\/luczniczy-sklep.pl\/en\/zespol\/","title":{"rendered":"Zesp\u00f3\u0142"},"content":{"rendered":"<div class=\"wp-block-group alignfull is-style-ext-preset--group--natural-1--section has-background-background-color has-background has-global-padding is-layout-constrained wp-container-core-group-is-layout-e955bbaf wp-block-group-is-layout-constrained\" id=\"zespol\" style=\"margin-top:0;margin-bottom:0;padding-top:var(--wp--preset--spacing--70);padding-bottom:var(--wp--preset--spacing--70)\">\n<div class=\"wp-block-group alignwide is-vertical is-content-justification-center is-layout-flex wp-container-core-group-is-layout-c9ee0c5a wp-block-group-is-layout-flex\">\n<div class=\"wp-block-group has-global-padding is-layout-constrained wp-container-core-group-is-layout-2287c683 wp-block-group-is-layout-constrained\">\n<h2 class=\"wp-block-heading has-text-align-center\">Wyposa\u017cenie dla pasjonat\u00f3w \u0142ucznictwa sportowego i my\u015bliwskiego<\/h2>\n\n\n\n<p class=\"has-text-align-center\">Przedstawiamy wykwalifikowanych ekspert\u00f3w tworz\u0105cych nasz zesp\u00f3\u0142.<\/p>\n<\/div>\n<\/div>\n\n\n<\/div>\n\n\n\n<div class=\"wp-block-group alignfull is-style-ext-preset--group--natural-1--section has-tertiary-background-color has-background has-global-padding is-layout-constrained wp-container-core-group-is-layout-6714b1d7 wp-block-group-is-layout-constrained\" id=\"o-nas\" style=\"margin-top:0;margin-bottom:0;padding-top:var(--wp--preset--spacing--70);padding-bottom:var(--wp--preset--spacing--70)\">\n<div class=\"wp-block-group alignwide is-vertical is-content-justification-center is-layout-flex wp-container-core-group-is-layout-c9ee0c5a wp-block-group-is-layout-flex\">\n<div class=\"wp-block-group has-global-padding is-layout-constrained wp-container-core-group-is-layout-2287c683 wp-block-group-is-layout-constrained\">\n<h2 class=\"wp-block-heading has-text-align-center\">Najwi\u0119kszy wyb\u00f3r sprz\u0119tu \u0142uczniczego w Polsce<\/h2>\n\n\n\n<p class=\"has-text-align-center\">Prezentujemy nasz\u0105 pasj\u0119 do \u0142ucznictwa oraz zaanga\u017cowanie w dostarczanie najwy\u017cszej jako\u015bci sprz\u0119tu i us\u0142ug, kt\u00f3re wspieraj\u0105 rozw\u00f3j ka\u017cdego \u0142ucznika.<\/p>\n<\/div>\n<\/div>\n\n\n\n<div class=\"wp-block-columns alignwide is-layout-flex wp-container-core-columns-is-layout-28f84493 wp-block-columns-is-layout-flex\">\n<div class=\"wp-block-column is-layout-flow wp-block-column-is-layout-flow\">\n<figure class=\"wp-block-image is-style-ext-preset-image-natural-1-image-1--content-bottom is-style-ext-preset--image--natural-1--image-1--content-bottom is-style-ext-preset--image--natural-1--image-1--content-bottom--6\"><img data-recalc-dims=\"1\" loading=\"lazy\" decoding=\"async\" width=\"958\" height=\"1440\" src=\"https:\/\/i0.wp.com\/luczniczy-sklep.pl\/wp-content\/uploads\/2026\/02\/d0b33b0b93e4b7c9fd2fbcfec9b6b38d4da64e06.jpg?resize=958%2C1440&#038;ssl=1\" alt=\"\" class=\"wp-image-100\" style=\"aspect-ratio:3\/4;object-fit:cover\" srcset=\"https:\/\/i0.wp.com\/luczniczy-sklep.pl\/wp-content\/uploads\/2026\/02\/d0b33b0b93e4b7c9fd2fbcfec9b6b38d4da64e06.jpg?w=958&amp;ssl=1 958w, https:\/\/i0.wp.com\/luczniczy-sklep.pl\/wp-content\/uploads\/2026\/02\/d0b33b0b93e4b7c9fd2fbcfec9b6b38d4da64e06.jpg?resize=200%2C300&amp;ssl=1 200w, https:\/\/i0.wp.com\/luczniczy-sklep.pl\/wp-content\/uploads\/2026\/02\/d0b33b0b93e4b7c9fd2fbcfec9b6b38d4da64e06.jpg?resize=681%2C1024&amp;ssl=1 681w, https:\/\/i0.wp.com\/luczniczy-sklep.pl\/wp-content\/uploads\/2026\/02\/d0b33b0b93e4b7c9fd2fbcfec9b6b38d4da64e06.jpg?resize=768%2C1154&amp;ssl=1 768w, https:\/\/i0.wp.com\/luczniczy-sklep.pl\/wp-content\/uploads\/2026\/02\/d0b33b0b93e4b7c9fd2fbcfec9b6b38d4da64e06.jpg?resize=8%2C12&amp;ssl=1 8w, https:\/\/i0.wp.com\/luczniczy-sklep.pl\/wp-content\/uploads\/2026\/02\/d0b33b0b93e4b7c9fd2fbcfec9b6b38d4da64e06.jpg?resize=600%2C902&amp;ssl=1 600w\" sizes=\"auto, (max-width: 958px) 100vw, 958px\" \/><\/figure>\n<\/div>\n\n\n\n<div class=\"wp-block-column is-layout-flow wp-block-column-is-layout-flow\">\n<figure class=\"wp-block-image is-style-ext-preset-image-natural-1-image-1--content-bottom is-style-ext-preset--image--natural-1--image-1--content-bottom is-style-ext-preset--image--natural-1--image-1--content-bottom--7\"><img data-recalc-dims=\"1\" loading=\"lazy\" decoding=\"async\" width=\"1440\" height=\"994\" src=\"https:\/\/i0.wp.com\/luczniczy-sklep.pl\/wp-content\/uploads\/2026\/02\/0c73c2378530d96b800f71a69e8c5072ece679b2.jpg?resize=1440%2C994&#038;ssl=1\" alt=\"\" class=\"wp-image-110\" style=\"aspect-ratio:3\/4;object-fit:cover\" srcset=\"https:\/\/i0.wp.com\/luczniczy-sklep.pl\/wp-content\/uploads\/2026\/02\/0c73c2378530d96b800f71a69e8c5072ece679b2.jpg?w=1440&amp;ssl=1 1440w, https:\/\/i0.wp.com\/luczniczy-sklep.pl\/wp-content\/uploads\/2026\/02\/0c73c2378530d96b800f71a69e8c5072ece679b2.jpg?resize=300%2C207&amp;ssl=1 300w, https:\/\/i0.wp.com\/luczniczy-sklep.pl\/wp-content\/uploads\/2026\/02\/0c73c2378530d96b800f71a69e8c5072ece679b2.jpg?resize=1024%2C707&amp;ssl=1 1024w, https:\/\/i0.wp.com\/luczniczy-sklep.pl\/wp-content\/uploads\/2026\/02\/0c73c2378530d96b800f71a69e8c5072ece679b2.jpg?resize=768%2C530&amp;ssl=1 768w, https:\/\/i0.wp.com\/luczniczy-sklep.pl\/wp-content\/uploads\/2026\/02\/0c73c2378530d96b800f71a69e8c5072ece679b2.jpg?resize=18%2C12&amp;ssl=1 18w, https:\/\/i0.wp.com\/luczniczy-sklep.pl\/wp-content\/uploads\/2026\/02\/0c73c2378530d96b800f71a69e8c5072ece679b2.jpg?resize=600%2C414&amp;ssl=1 600w\" sizes=\"auto, (max-width: 1000px) 100vw, 1000px\" \/><\/figure>\n<\/div>\n\n\n\n<div class=\"wp-block-column is-layout-flow wp-block-column-is-layout-flow\">\n<figure class=\"wp-block-image is-style-ext-preset-image-natural-1-image-1--content-bottom is-style-ext-preset--image--natural-1--image-1--content-bottom is-style-ext-preset--image--natural-1--image-1--content-bottom--8\"><img data-recalc-dims=\"1\" loading=\"lazy\" decoding=\"async\" width=\"1440\" height=\"810\" src=\"https:\/\/i0.wp.com\/luczniczy-sklep.pl\/wp-content\/uploads\/2026\/02\/25d1bad7739ddcc01f62014752a4d2ff06b574ed.jpg?resize=1440%2C810&#038;ssl=1\" alt=\"\" class=\"wp-image-96\" style=\"aspect-ratio:3\/4;object-fit:cover\" srcset=\"https:\/\/i0.wp.com\/luczniczy-sklep.pl\/wp-content\/uploads\/2026\/02\/25d1bad7739ddcc01f62014752a4d2ff06b574ed.jpg?w=1440&amp;ssl=1 1440w, https:\/\/i0.wp.com\/luczniczy-sklep.pl\/wp-content\/uploads\/2026\/02\/25d1bad7739ddcc01f62014752a4d2ff06b574ed.jpg?resize=300%2C169&amp;ssl=1 300w, https:\/\/i0.wp.com\/luczniczy-sklep.pl\/wp-content\/uploads\/2026\/02\/25d1bad7739ddcc01f62014752a4d2ff06b574ed.jpg?resize=1024%2C576&amp;ssl=1 1024w, https:\/\/i0.wp.com\/luczniczy-sklep.pl\/wp-content\/uploads\/2026\/02\/25d1bad7739ddcc01f62014752a4d2ff06b574ed.jpg?resize=768%2C432&amp;ssl=1 768w, https:\/\/i0.wp.com\/luczniczy-sklep.pl\/wp-content\/uploads\/2026\/02\/25d1bad7739ddcc01f62014752a4d2ff06b574ed.jpg?resize=18%2C10&amp;ssl=1 18w, https:\/\/i0.wp.com\/luczniczy-sklep.pl\/wp-content\/uploads\/2026\/02\/25d1bad7739ddcc01f62014752a4d2ff06b574ed.jpg?resize=600%2C338&amp;ssl=1 600w\" sizes=\"auto, (max-width: 1000px) 100vw, 1000px\" \/><\/figure>\n<\/div>\n<\/div>\n<\/div>\n\n\n\n<div class=\"wp-block-group alignfull is-style-ext-preset--group--natural-1--section has-background-background-color has-background has-global-padding is-layout-constrained wp-container-core-group-is-layout-e955bbaf wp-block-group-is-layout-constrained\" style=\"margin-top:0;margin-bottom:0;padding-top:var(--wp--preset--spacing--70);padding-bottom:var(--wp--preset--spacing--70)\">\n<div class=\"wp-block-group alignwide is-vertical is-layout-flex wp-container-core-group-is-layout-c35747d5 wp-block-group-is-layout-flex\">\n<div class=\"wp-block-group has-global-padding is-layout-constrained wp-container-core-group-is-layout-5e05634a wp-block-group-is-layout-constrained\">\n<h2 class=\"wp-block-heading\">Lucznictwo na mistrzowskim poziomie<\/h2>\n\n\n\n<p class=\"has-text-align-left\">Sekcja prezentuje kluczowe dane, dostarczaj\u0105c wgl\u0105d w najwa\u017cniejsze osi\u0105gni\u0119cia i wska\u017aniki.<\/p>\n<\/div>\n<\/div>\n\n\n\n<div class=\"wp-block-columns alignwide is-layout-flex wp-container-core-columns-is-layout-174606dc wp-block-columns-is-layout-flex\">\n<div class=\"wp-block-column is-vertically-aligned-center is-layout-flow wp-block-column-is-layout-flow\">\n<div class=\"wp-block-columns is-layout-flex wp-container-core-columns-is-layout-28f84493 wp-block-columns-is-layout-flex\">\n<div class=\"wp-block-column is-vertically-aligned-stretch is-layout-flow wp-block-column-is-layout-flow\">\n<div class=\"wp-block-group is-style-ext-preset--group--natural-1--item-card-1--align-start has-global-padding is-layout-constrained wp-block-group-is-layout-constrained is-style-ext-preset--group--natural-1--item-card-1--align-start--10\">\n<div class=\"wp-block-group is-style-default has-global-padding is-layout-constrained wp-block-group-is-layout-constrained\">\n<h3 class=\"wp-block-heading has-primary-color has-text-color has-link-color has-x-large-font-size wp-elements-1ddffffd46e0b3a67b752fd0de2406d6\">1500<\/h3>\n\n\n\n<h3 class=\"wp-block-heading\">Liczba klient\u00f3w<\/h3>\n\n\n\n<p>Prezentujemy liczb\u0119 zadowolonych klient\u00f3w, kt\u00f3rzy wybrali nasze produkty.<\/p>\n<\/div>\n<\/div>\n<\/div>\n\n\n\n<div class=\"wp-block-column is-vertically-aligned-stretch is-layout-flow wp-block-column-is-layout-flow\">\n<div class=\"wp-block-group is-style-ext-preset--group--natural-1--item-card-1--align-start has-global-padding is-layout-constrained wp-block-group-is-layout-constrained is-style-ext-preset--group--natural-1--item-card-1--align-start--11\">\n<div class=\"wp-block-group is-style-default has-global-padding is-layout-constrained wp-block-group-is-layout-constrained\">\n<h3 class=\"wp-block-heading has-primary-color has-text-color has-link-color has-x-large-font-size wp-elements-5a345de5b7c30fd4468a13858f1dba1d\">Wysy\u0142ka<\/h3>\n\n\n\n<h3 class=\"wp-block-heading\">Szybka wysy\u0142ka<\/h3>\n\n\n\n<p>GLS DPD INPOST 24h<\/p>\n<\/div>\n<\/div>\n<\/div>\n<\/div>\n\n\n\n<div class=\"wp-block-columns is-layout-flex wp-container-core-columns-is-layout-28f84493 wp-block-columns-is-layout-flex\">\n<div class=\"wp-block-column is-vertically-aligned-stretch is-layout-flow wp-block-column-is-layout-flow\">\n<div class=\"wp-block-group is-style-ext-preset--group--natural-1--item-card-1--align-start has-global-padding is-layout-constrained wp-block-group-is-layout-constrained is-style-ext-preset--group--natural-1--item-card-1--align-start--12\">\n<div class=\"wp-block-group is-style-default has-global-padding is-layout-constrained wp-block-group-is-layout-constrained\">\n<h3 class=\"wp-block-heading has-primary-color has-text-color has-link-color has-x-large-font-size wp-elements-0604ca78949cc301ae7cb11cc8ad8ace\">20<\/h3>\n\n\n\n<h3 class=\"wp-block-heading\">Lat do\u015bwiadczenia<\/h3>\n\n\n\n<p>Dzia\u0142amy na rynku od ponad trzech dekad, dostarczaj\u0105c profesjonalne wyposa\u017cenie.<\/p>\n<\/div>\n<\/div>\n<\/div>\n\n\n\n<div class=\"wp-block-column is-vertically-aligned-stretch is-layout-flow wp-block-column-is-layout-flow\">\n<div class=\"wp-block-group is-style-ext-preset--group--natural-1--item-card-1--align-start has-global-padding is-layout-constrained wp-block-group-is-layout-constrained is-style-ext-preset--group--natural-1--item-card-1--align-start--13\">\n<div class=\"wp-block-group is-style-default has-global-padding is-layout-constrained wp-block-group-is-layout-constrained\">\n<h3 class=\"wp-block-heading has-primary-color has-text-color has-link-color has-x-large-font-size wp-elements-561ed886b3a3298f8cda6cbabc8f82a8\">55000<\/h3>\n\n\n\n<h3 class=\"wp-block-heading\">Oferta produkt\u00f3w<\/h3>\n\n\n\n<p>Setki produkt\u00f3w i akcesori\u00f3w dost\u0119pnych dla ka\u017cdego mi\u0142o\u015bnika \u0142ucznictwa.<\/p>\n<\/div>\n<\/div>\n<\/div>\n<\/div>\n<\/div>\n\n\n\n<div class=\"wp-block-column is-vertically-aligned-stretch is-layout-flow wp-container-core-column-is-layout-119bc444 wp-block-column-is-layout-flow\">\n<div class=\"wp-block-cover is-style-ext-preset--image--natural-1--image-1--content-bottom is-style-ext-preset--image--natural-1--image-1--content-bottom--14\" style=\"padding-top:0;padding-bottom:0;min-height:100%;aspect-ratio:unset;\"><img data-recalc-dims=\"1\" loading=\"lazy\" decoding=\"async\" width=\"1440\" height=\"960\" class=\"wp-block-cover__image-background wp-image-95\" alt=\"\" src=\"https:\/\/i0.wp.com\/luczniczy-sklep.pl\/wp-content\/uploads\/2026\/02\/50bd5a08138d5a1fca005c30edc152db296754bc.jpg?resize=1440%2C960&#038;ssl=1\" data-object-fit=\"cover\" srcset=\"https:\/\/i0.wp.com\/luczniczy-sklep.pl\/wp-content\/uploads\/2026\/02\/50bd5a08138d5a1fca005c30edc152db296754bc.jpg?w=1440&amp;ssl=1 1440w, https:\/\/i0.wp.com\/luczniczy-sklep.pl\/wp-content\/uploads\/2026\/02\/50bd5a08138d5a1fca005c30edc152db296754bc.jpg?resize=300%2C200&amp;ssl=1 300w, https:\/\/i0.wp.com\/luczniczy-sklep.pl\/wp-content\/uploads\/2026\/02\/50bd5a08138d5a1fca005c30edc152db296754bc.jpg?resize=1024%2C683&amp;ssl=1 1024w, https:\/\/i0.wp.com\/luczniczy-sklep.pl\/wp-content\/uploads\/2026\/02\/50bd5a08138d5a1fca005c30edc152db296754bc.jpg?resize=768%2C512&amp;ssl=1 768w, https:\/\/i0.wp.com\/luczniczy-sklep.pl\/wp-content\/uploads\/2026\/02\/50bd5a08138d5a1fca005c30edc152db296754bc.jpg?resize=18%2C12&amp;ssl=1 18w, https:\/\/i0.wp.com\/luczniczy-sklep.pl\/wp-content\/uploads\/2026\/02\/50bd5a08138d5a1fca005c30edc152db296754bc.jpg?resize=600%2C400&amp;ssl=1 600w\" sizes=\"auto, (max-width: 1000px) 100vw, 1000px\" \/><span aria-hidden=\"true\" class=\"wp-block-cover__background has-background-dim-0 has-background-dim\"><\/span><div class=\"wp-block-cover__inner-container is-layout-flow wp-block-cover-is-layout-flow\">\n<div style=\"height:240px\" aria-hidden=\"true\" class=\"wp-block-spacer\"><\/div>\n<\/div><\/div>\n<\/div>\n<\/div>\n<\/div>","protected":false},"excerpt":{"rendered":"<p>Wyposa\u017cenie dla pasjonat\u00f3w \u0142ucznictwa sportowego i my\u015bliwskiego Przedstawiamy wykwalifikowanych ekspert\u00f3w tworz\u0105cych nasz zesp\u00f3\u0142. Anna Kowalska Specjalistka ds. obs\u0142ugi klienta Posiada wieloletnie do\u015bwiadczenie i g\u0142\u0119bok\u0105 wiedz\u0119 w dziedzinie \u0142ucznictwa. Piotr Nowak Serwisant sprz\u0119tu \u0142uczniczego Znany z innowacyjnego podej\u015bcia i skutecznego rozwi\u0105zywania wyzwa\u0144 technicznych. Marta Wi\u015bniewska Doradca techniczny Ekspert w zakresie nowoczesnych technologii i optymalizacji sprz\u0119tu \u0142uczniczego. [&hellip;]<\/p>\n","protected":false},"author":1,"featured_media":0,"parent":0,"menu_order":0,"comment_status":"closed","ping_status":"closed","template":"page-with-title","meta":{"footnotes":""},"class_list":["post-44","page","type-page","status-publish","hentry"],"aioseo_notices":[],"jetpack_sharing_enabled":true,"_links":{"self":[{"href":"https:\/\/luczniczy-sklep.pl\/en\/wp-json\/wp\/v2\/pages\/44","targetHints":{"allow":["GET"]}}],"collection":[{"href":"https:\/\/luczniczy-sklep.pl\/en\/wp-json\/wp\/v2\/pages"}],"about":[{"href":"https:\/\/luczniczy-sklep.pl\/en\/wp-json\/wp\/v2\/types\/page"}],"author":[{"embeddable":true,"href":"https:\/\/luczniczy-sklep.pl\/en\/wp-json\/wp\/v2\/users\/1"}],"replies":[{"embeddable":true,"href":"https:\/\/luczniczy-sklep.pl\/en\/wp-json\/wp\/v2\/comments?post=44"}],"version-history":[{"count":1,"href":"https:\/\/luczniczy-sklep.pl\/en\/wp-json\/wp\/v2\/pages\/44\/revisions"}],"predecessor-version":[{"id":58372,"href":"https:\/\/luczniczy-sklep.pl\/en\/wp-json\/wp\/v2\/pages\/44\/revisions\/58372"}],"wp:attachment":[{"href":"https:\/\/luczniczy-sklep.pl\/en\/wp-json\/wp\/v2\/media?parent=44"}],"curies":[{"name":"wp","href":"https:\/\/api.w.org\/{rel}","templated":true}]}}