{"id":39,"date":"2026-02-24T13:06:40","date_gmt":"2026-02-24T12:06:40","guid":{"rendered":"https:\/\/luczniczy-sklep.pl\/o-nas\/"},"modified":"2026-03-10T21:06:19","modified_gmt":"2026-03-10T20:06:19","slug":"o-nas","status":"publish","type":"page","link":"https:\/\/luczniczy-sklep.pl\/en\/o-nas\/","title":{"rendered":"O nas"},"content":{"rendered":"<div class=\"wp-block-group alignfull is-style-ext-preset--group--natural-1--section has-background-background-color has-background has-global-padding is-layout-constrained wp-container-core-group-is-layout-6714b1d7 wp-block-group-is-layout-constrained\" id=\"o-nas\" style=\"margin-top:0;margin-bottom:0;padding-top:var(--wp--preset--spacing--70);padding-bottom:var(--wp--preset--spacing--70)\">\n<div class=\"wp-block-group alignwide is-vertical is-content-justification-center is-layout-flex wp-container-core-group-is-layout-c9ee0c5a wp-block-group-is-layout-flex\">\n<div class=\"wp-block-group has-global-padding is-layout-constrained wp-container-core-group-is-layout-2287c683 wp-block-group-is-layout-constrained\">\n<h2 class=\"wp-block-heading has-text-align-center\">Najwi\u0119kszy i najlepiej zaopatrzony sklep \u0142uczniczy w Polsce<\/h2>\n\n\n\n<p class=\"has-text-align-center\">\u0141uczniczy-sklep.pl to miejsce, gdzie pasja do \u0142ucznictwa \u0142\u0105czy si\u0119 z profesjonalizmem, oferuj\u0105c sprz\u0119t najwy\u017cszej jako\u015bci i wsparcie dla ka\u017cdego \u0142ucznika.<\/p>\n<\/div>\n<\/div>\n\n\n\n<div class=\"wp-block-columns alignwide is-layout-flex wp-container-core-columns-is-layout-28f84493 wp-block-columns-is-layout-flex\">\n<div class=\"wp-block-column is-layout-flow wp-block-column-is-layout-flow\">\n<figure class=\"wp-block-image is-style-ext-preset-image-natural-1-image-1--content-bottom is-style-ext-preset--image--natural-1--image-1--content-bottom is-style-ext-preset--image--natural-1--image-1--content-bottom--2\"><img data-recalc-dims=\"1\" loading=\"lazy\" decoding=\"async\" width=\"958\" height=\"1440\" src=\"https:\/\/i0.wp.com\/luczniczy-sklep.pl\/wp-content\/uploads\/2026\/02\/d0b33b0b93e4b7c9fd2fbcfec9b6b38d4da64e06.jpg?resize=958%2C1440&#038;ssl=1\" alt=\"\" class=\"wp-image-100\" style=\"aspect-ratio:3\/4;object-fit:cover\" srcset=\"https:\/\/i0.wp.com\/luczniczy-sklep.pl\/wp-content\/uploads\/2026\/02\/d0b33b0b93e4b7c9fd2fbcfec9b6b38d4da64e06.jpg?w=958&amp;ssl=1 958w, https:\/\/i0.wp.com\/luczniczy-sklep.pl\/wp-content\/uploads\/2026\/02\/d0b33b0b93e4b7c9fd2fbcfec9b6b38d4da64e06.jpg?resize=200%2C300&amp;ssl=1 200w, https:\/\/i0.wp.com\/luczniczy-sklep.pl\/wp-content\/uploads\/2026\/02\/d0b33b0b93e4b7c9fd2fbcfec9b6b38d4da64e06.jpg?resize=681%2C1024&amp;ssl=1 681w, https:\/\/i0.wp.com\/luczniczy-sklep.pl\/wp-content\/uploads\/2026\/02\/d0b33b0b93e4b7c9fd2fbcfec9b6b38d4da64e06.jpg?resize=768%2C1154&amp;ssl=1 768w, https:\/\/i0.wp.com\/luczniczy-sklep.pl\/wp-content\/uploads\/2026\/02\/d0b33b0b93e4b7c9fd2fbcfec9b6b38d4da64e06.jpg?resize=8%2C12&amp;ssl=1 8w, https:\/\/i0.wp.com\/luczniczy-sklep.pl\/wp-content\/uploads\/2026\/02\/d0b33b0b93e4b7c9fd2fbcfec9b6b38d4da64e06.jpg?resize=600%2C902&amp;ssl=1 600w\" sizes=\"auto, (max-width: 958px) 100vw, 958px\" \/><\/figure>\n<\/div>\n\n\n\n<div class=\"wp-block-column is-layout-flow wp-block-column-is-layout-flow\">\n<figure class=\"wp-block-image is-style-ext-preset-image-natural-1-image-1--content-bottom is-style-ext-preset--image--natural-1--image-1--content-bottom is-style-ext-preset--image--natural-1--image-1--content-bottom--3\"><img data-recalc-dims=\"1\" loading=\"lazy\" decoding=\"async\" width=\"1440\" height=\"994\" src=\"https:\/\/i0.wp.com\/luczniczy-sklep.pl\/wp-content\/uploads\/2026\/02\/0c73c2378530d96b800f71a69e8c5072ece679b2.jpg?resize=1440%2C994&#038;ssl=1\" alt=\"\" class=\"wp-image-110\" style=\"aspect-ratio:3\/4;object-fit:cover\" srcset=\"https:\/\/i0.wp.com\/luczniczy-sklep.pl\/wp-content\/uploads\/2026\/02\/0c73c2378530d96b800f71a69e8c5072ece679b2.jpg?w=1440&amp;ssl=1 1440w, https:\/\/i0.wp.com\/luczniczy-sklep.pl\/wp-content\/uploads\/2026\/02\/0c73c2378530d96b800f71a69e8c5072ece679b2.jpg?resize=300%2C207&amp;ssl=1 300w, https:\/\/i0.wp.com\/luczniczy-sklep.pl\/wp-content\/uploads\/2026\/02\/0c73c2378530d96b800f71a69e8c5072ece679b2.jpg?resize=1024%2C707&amp;ssl=1 1024w, https:\/\/i0.wp.com\/luczniczy-sklep.pl\/wp-content\/uploads\/2026\/02\/0c73c2378530d96b800f71a69e8c5072ece679b2.jpg?resize=768%2C530&amp;ssl=1 768w, https:\/\/i0.wp.com\/luczniczy-sklep.pl\/wp-content\/uploads\/2026\/02\/0c73c2378530d96b800f71a69e8c5072ece679b2.jpg?resize=18%2C12&amp;ssl=1 18w, https:\/\/i0.wp.com\/luczniczy-sklep.pl\/wp-content\/uploads\/2026\/02\/0c73c2378530d96b800f71a69e8c5072ece679b2.jpg?resize=600%2C414&amp;ssl=1 600w\" sizes=\"auto, (max-width: 1000px) 100vw, 1000px\" \/><\/figure>\n<\/div>\n\n\n\n<div class=\"wp-block-column is-layout-flow wp-block-column-is-layout-flow\">\n<figure class=\"wp-block-image is-style-ext-preset-image-natural-1-image-1--content-bottom is-style-ext-preset--image--natural-1--image-1--content-bottom is-style-ext-preset--image--natural-1--image-1--content-bottom--4\"><img data-recalc-dims=\"1\" loading=\"lazy\" decoding=\"async\" width=\"1440\" height=\"810\" src=\"https:\/\/i0.wp.com\/luczniczy-sklep.pl\/wp-content\/uploads\/2026\/02\/25d1bad7739ddcc01f62014752a4d2ff06b574ed.jpg?resize=1440%2C810&#038;ssl=1\" alt=\"\" class=\"wp-image-96\" style=\"aspect-ratio:3\/4;object-fit:cover\" srcset=\"https:\/\/i0.wp.com\/luczniczy-sklep.pl\/wp-content\/uploads\/2026\/02\/25d1bad7739ddcc01f62014752a4d2ff06b574ed.jpg?w=1440&amp;ssl=1 1440w, https:\/\/i0.wp.com\/luczniczy-sklep.pl\/wp-content\/uploads\/2026\/02\/25d1bad7739ddcc01f62014752a4d2ff06b574ed.jpg?resize=300%2C169&amp;ssl=1 300w, https:\/\/i0.wp.com\/luczniczy-sklep.pl\/wp-content\/uploads\/2026\/02\/25d1bad7739ddcc01f62014752a4d2ff06b574ed.jpg?resize=1024%2C576&amp;ssl=1 1024w, https:\/\/i0.wp.com\/luczniczy-sklep.pl\/wp-content\/uploads\/2026\/02\/25d1bad7739ddcc01f62014752a4d2ff06b574ed.jpg?resize=768%2C432&amp;ssl=1 768w, https:\/\/i0.wp.com\/luczniczy-sklep.pl\/wp-content\/uploads\/2026\/02\/25d1bad7739ddcc01f62014752a4d2ff06b574ed.jpg?resize=18%2C10&amp;ssl=1 18w, https:\/\/i0.wp.com\/luczniczy-sklep.pl\/wp-content\/uploads\/2026\/02\/25d1bad7739ddcc01f62014752a4d2ff06b574ed.jpg?resize=600%2C338&amp;ssl=1 600w\" sizes=\"auto, (max-width: 1000px) 100vw, 1000px\" \/><\/figure>\n<\/div>\n<\/div>\n<\/div>\n\n\n\n<div class=\"wp-block-group alignfull is-style-ext-preset--group--natural-1--section has-tertiary-background-color has-background has-global-padding is-layout-constrained wp-container-core-group-is-layout-e955bbaf wp-block-group-is-layout-constrained\" id=\"zespol\" style=\"margin-top:0;margin-bottom:0;padding-top:var(--wp--preset--spacing--70);padding-bottom:var(--wp--preset--spacing--70)\">\n<div class=\"wp-block-group alignwide is-vertical is-layout-flex wp-container-core-group-is-layout-c35747d5 wp-block-group-is-layout-flex\">\n<div class=\"wp-block-group has-global-padding is-layout-constrained wp-container-core-group-is-layout-2287c683 wp-block-group-is-layout-constrained\">\n<h2 class=\"wp-block-heading\">Profesjonalny sprz\u0119t dla mi\u0142o\u015bnik\u00f3w \u0142ucznictwa i my\u015blistwa<\/h2>\n\n\n\n<p>Poznaj nasz zesp\u00f3\u0142 pe\u0142en pasji i fachowej wiedzy w dziedzinie \u0142ucznictwa.<\/p>\n<\/div>\n<\/div>\n\n\n<\/div>\n\n\n\n<div class=\"wp-block-group alignfull is-style-ext-preset--group--natural-1--section has-background-background-color has-background has-global-padding is-layout-constrained wp-container-core-group-is-layout-e955bbaf wp-block-group-is-layout-constrained\" style=\"margin-top:0;margin-bottom:0;padding-top:var(--wp--preset--spacing--70);padding-bottom:var(--wp--preset--spacing--70)\">\n<div class=\"wp-block-group alignwide is-vertical is-layout-flex wp-container-core-group-is-layout-c35747d5 wp-block-group-is-layout-flex\">\n<div class=\"wp-block-group has-global-padding is-layout-constrained wp-container-core-group-is-layout-5e05634a wp-block-group-is-layout-constrained\">\n<h2 class=\"wp-block-heading\">Najwy\u017csza jako\u015b\u0107 \u0142ucznictwa w Polsce<\/h2>\n\n\n\n<p class=\"has-text-align-left\">Sekcja ta przedstawia najwa\u017cniejsze dane, prezentuj\u0105c kluczowe osi\u0105gni\u0119cia oraz wska\u017aniki jako\u015bci<\/p>\n<\/div>\n<\/div>\n\n\n\n<div class=\"wp-block-columns alignwide is-layout-flex wp-container-core-columns-is-layout-174606dc wp-block-columns-is-layout-flex\">\n<div class=\"wp-block-column is-vertically-aligned-stretch is-layout-flow wp-container-core-column-is-layout-119bc444 wp-block-column-is-layout-flow\">\n<div class=\"wp-block-cover is-style-ext-preset--image--natural-1--image-1--content-bottom is-style-ext-preset--image--natural-1--image-1--content-bottom--10\" style=\"padding-top:0;padding-bottom:0;min-height:100%;aspect-ratio:unset;\"><img data-recalc-dims=\"1\" loading=\"lazy\" decoding=\"async\" width=\"1440\" height=\"960\" class=\"wp-block-cover__image-background wp-image-95\" alt=\"\" src=\"https:\/\/i0.wp.com\/luczniczy-sklep.pl\/wp-content\/uploads\/2026\/02\/50bd5a08138d5a1fca005c30edc152db296754bc.jpg?resize=1440%2C960&#038;ssl=1\" data-object-fit=\"cover\" srcset=\"https:\/\/i0.wp.com\/luczniczy-sklep.pl\/wp-content\/uploads\/2026\/02\/50bd5a08138d5a1fca005c30edc152db296754bc.jpg?w=1440&amp;ssl=1 1440w, https:\/\/i0.wp.com\/luczniczy-sklep.pl\/wp-content\/uploads\/2026\/02\/50bd5a08138d5a1fca005c30edc152db296754bc.jpg?resize=300%2C200&amp;ssl=1 300w, https:\/\/i0.wp.com\/luczniczy-sklep.pl\/wp-content\/uploads\/2026\/02\/50bd5a08138d5a1fca005c30edc152db296754bc.jpg?resize=1024%2C683&amp;ssl=1 1024w, https:\/\/i0.wp.com\/luczniczy-sklep.pl\/wp-content\/uploads\/2026\/02\/50bd5a08138d5a1fca005c30edc152db296754bc.jpg?resize=768%2C512&amp;ssl=1 768w, https:\/\/i0.wp.com\/luczniczy-sklep.pl\/wp-content\/uploads\/2026\/02\/50bd5a08138d5a1fca005c30edc152db296754bc.jpg?resize=18%2C12&amp;ssl=1 18w, https:\/\/i0.wp.com\/luczniczy-sklep.pl\/wp-content\/uploads\/2026\/02\/50bd5a08138d5a1fca005c30edc152db296754bc.jpg?resize=600%2C400&amp;ssl=1 600w\" sizes=\"auto, (max-width: 1000px) 100vw, 1000px\" \/><span aria-hidden=\"true\" class=\"wp-block-cover__background has-background-dim-0 has-background-dim\"><\/span><div class=\"wp-block-cover__inner-container is-layout-flow wp-block-cover-is-layout-flow\">\n<div style=\"height:240px\" aria-hidden=\"true\" class=\"wp-block-spacer\"><\/div>\n<\/div><\/div>\n<\/div>\n\n\n\n<div class=\"wp-block-column is-vertically-aligned-center is-layout-flow wp-block-column-is-layout-flow\">\n<div class=\"wp-block-columns is-layout-flex wp-container-core-columns-is-layout-87beb0d0 wp-block-columns-is-layout-flex\">\n<div class=\"wp-block-column is-vertically-aligned-stretch is-layout-flow wp-block-column-is-layout-flow\">\n<div class=\"wp-block-group is-style-ext-preset--group--natural-1--item-card-1--align-start has-global-padding is-layout-constrained wp-block-group-is-layout-constrained is-style-ext-preset--group--natural-1--item-card-1--align-start--11\">\n<div class=\"wp-block-group is-style-default has-global-padding is-layout-constrained wp-block-group-is-layout-constrained\">\n<h3 class=\"wp-block-heading has-primary-color has-text-color has-link-color has-x-large-font-size wp-elements-4f4b3f8493b83337207b4bb271a463ed\">1700<\/h3>\n\n\n\n<h3 class=\"wp-block-heading\">Zadowolonych klient\u00f3w<\/h3>\n\n\n\n<p>Ponad 1500 pasjonat\u00f3w \u0142ucznictwa zaufa\u0142o naszym produktom i us\u0142ugom<\/p>\n<\/div>\n<\/div>\n<\/div>\n\n\n\n<div class=\"wp-block-column is-vertically-aligned-stretch is-layout-flow wp-block-column-is-layout-flow\">\n<div class=\"wp-block-group is-style-ext-preset--group--natural-1--item-card-1--align-start has-global-padding is-layout-constrained wp-block-group-is-layout-constrained is-style-ext-preset--group--natural-1--item-card-1--align-start--12\">\n<div class=\"wp-block-group is-style-default has-global-padding is-layout-constrained wp-block-group-is-layout-constrained\">\n<h3 class=\"wp-block-heading has-primary-color has-text-color has-link-color has-x-large-font-size wp-elements-0604ca78949cc301ae7cb11cc8ad8ace\">20<\/h3>\n\n\n\n<h3 class=\"wp-block-heading\">Lata do\u015bwiadczenia<\/h3>\n\n\n\n<p>Trzy dekady doskonalenia sprz\u0119tu i obs\u0142ugi klienta<\/p>\n<\/div>\n<\/div>\n<\/div>\n<\/div>\n\n\n\n<div class=\"wp-block-columns is-layout-flex wp-container-core-columns-is-layout-87beb0d0 wp-block-columns-is-layout-flex\">\n<div class=\"wp-block-column is-vertically-aligned-stretch is-layout-flow wp-block-column-is-layout-flow\">\n<div class=\"wp-block-group is-style-ext-preset--group--natural-1--item-card-1--align-start has-global-padding is-layout-constrained wp-block-group-is-layout-constrained is-style-ext-preset--group--natural-1--item-card-1--align-start--13\">\n<div class=\"wp-block-group is-style-default has-global-padding is-layout-constrained wp-block-group-is-layout-constrained\">\n<h3 class=\"wp-block-heading has-primary-color has-text-color has-link-color has-x-large-font-size wp-elements-00304a9a32d739353f4816060db8ab40\">SERWIS<\/h3>\n\n\n\n<h3 class=\"wp-block-heading\">Serwis \u0142uk\u00f3w <\/h3>\n\n\n\n<p>Oferujemy serwis \u0142uk\u00f3w, strza\u0142 i ci\u0119ciw.<\/p>\n<\/div>\n<\/div>\n<\/div>\n\n\n\n<div class=\"wp-block-column is-vertically-aligned-stretch is-layout-flow wp-block-column-is-layout-flow\">\n<div class=\"wp-block-group is-style-ext-preset--group--natural-1--item-card-1--align-start has-global-padding is-layout-constrained wp-block-group-is-layout-constrained is-style-ext-preset--group--natural-1--item-card-1--align-start--14\">\n<div class=\"wp-block-group is-style-default has-global-padding is-layout-constrained wp-block-group-is-layout-constrained\">\n<h3 class=\"wp-block-heading has-primary-color has-text-color has-link-color has-x-large-font-size wp-elements-561ed886b3a3298f8cda6cbabc8f82a8\">55000<\/h3>\n\n\n\n<h3 class=\"wp-block-heading\">Asortyment produkt\u00f3w<\/h3>\n\n\n\n<p>Ponad 55000 profesjonalnych akcesori\u00f3w \u0142uczniczych dost\u0119pnych dla naszych klient\u00f3w<\/p>\n<\/div>\n<\/div>\n<\/div>\n<\/div>\n<\/div>\n<\/div>\n<\/div>\n\n\n\n<p class=\"ext-animate--on\"><\/p>\n\n\n\n<p class=\"ext-animate--on\">W ofercie naszego sklepu www.e-luk.pl ka\u017cdy mi\u0142o\u015bnik strzelania z \u0142uku znajdzie co\u015b dla siebie. S\u0105 to m.in. \u0142uki bloczkowe, sportowe, tradycyjne, typu wschodniego oraz artyku\u0142y \u0142ucznicze &#8211; od tarcz poprzez podstawki, celowniki, a\u017c po ko\u0142czany i walizki. Jednym s\u0142owem wszystko to, co jest niezb\u0119dne do strzelania z \u0142uku.<\/p>\n\n\n\n<p class=\"ext-animate--on\">\u0141uki Bloczkowe, \u0141uki Tradycyjne, \u0141uki Sportowe, strza\u0142y, nasadki, tarcze \u0142ucznicze, podstawki, pokrowce i walizki.<br><br>W swojej ofercie posiadamy akcesoria najwi\u0119kszych producent\u00f3w bran\u017cy \u0142uczniczej takich jak: HOYT, BOWTECH, ONEIDA, BEAR ARCHERY, BEARPAW, FALCO, AVALON, CARTEL, EASTON, PSE, SAMICK, GOLD TIP i wielu innych.<br><br>\u0141ucznictwo w Polsce z roku na rok zyskuje na popularno\u015bci. Wychodz\u0105c naprzeciw Pa\u0144stwa oczekiwaniom przygotowali\u015bmy ofert\u0119 wybranych artyku\u0142\u00f3w, kt\u00f3re mo\u017cna kupi\u0107 w naszym sklepie stacjonarnym w M\u0119towie ul. Lazurowa 59A oraz\u00a0 sklepie online www.luczniczy-sklep.pl.<br><br>Obecnie nasza oferta bogata jest w ponad 55 000 przedmiot\u00f3w i stale ro\u015bnie. Specjalnie dla naszych Klient\u00f3w prowadzimy serwis \u0142uk\u00f3w. Od naszych pracownik\u00f3w mog\u0105 Pa\u0144stwo uzyska\u0107 fachow\u0105 porad\u0119 dotycz\u0105c\u0105 doboru sprz\u0119tu \u0142uczniczego oraz technik strzelania.<br>Od 2011 r. prowadzimy sprzeda\u017c hurtow\u0105 i wsp\u00f3\u0142pracujemy z firmami organizuj\u0105cymi imprezy integracyjne.<\/p>","protected":false},"excerpt":{"rendered":"<p>Najwi\u0119kszy i najlepiej zaopatrzony sklep \u0142uczniczy w Polsce \u0141uczniczy-sklep.pl to miejsce, gdzie pasja do \u0142ucznictwa \u0142\u0105czy si\u0119 z profesjonalizmem, oferuj\u0105c sprz\u0119t najwy\u017cszej jako\u015bci i wsparcie dla ka\u017cdego \u0142ucznika. Profesjonalny sprz\u0119t dla mi\u0142o\u015bnik\u00f3w \u0142ucznictwa i my\u015blistwa Poznaj nasz zesp\u00f3\u0142 pe\u0142en pasji i fachowej wiedzy w dziedzinie \u0142ucznictwa. Anna Kowalska Specjalistka ds. sprz\u0119tu \u0142uczniczego Anna wnosi wieloletnie [&hellip;]<\/p>\n","protected":false},"author":1,"featured_media":0,"parent":0,"menu_order":0,"comment_status":"closed","ping_status":"closed","template":"page-with-title","meta":{"footnotes":""},"class_list":["post-39","page","type-page","status-publish","hentry"],"aioseo_notices":[],"jetpack_sharing_enabled":true,"_links":{"self":[{"href":"https:\/\/luczniczy-sklep.pl\/en\/wp-json\/wp\/v2\/pages\/39","targetHints":{"allow":["GET"]}}],"collection":[{"href":"https:\/\/luczniczy-sklep.pl\/en\/wp-json\/wp\/v2\/pages"}],"about":[{"href":"https:\/\/luczniczy-sklep.pl\/en\/wp-json\/wp\/v2\/types\/page"}],"author":[{"embeddable":true,"href":"https:\/\/luczniczy-sklep.pl\/en\/wp-json\/wp\/v2\/users\/1"}],"replies":[{"embeddable":true,"href":"https:\/\/luczniczy-sklep.pl\/en\/wp-json\/wp\/v2\/comments?post=39"}],"version-history":[{"count":1,"href":"https:\/\/luczniczy-sklep.pl\/en\/wp-json\/wp\/v2\/pages\/39\/revisions"}],"predecessor-version":[{"id":58326,"href":"https:\/\/luczniczy-sklep.pl\/en\/wp-json\/wp\/v2\/pages\/39\/revisions\/58326"}],"wp:attachment":[{"href":"https:\/\/luczniczy-sklep.pl\/en\/wp-json\/wp\/v2\/media?parent=39"}],"curies":[{"name":"wp","href":"https:\/\/api.w.org\/{rel}","templated":true}]}}